{"id":15032,"date":"2021-10-05T10:23:20","date_gmt":"2021-10-05T10:23:20","guid":{"rendered":"https:\/\/shelightdemo.com\/legal-note\/"},"modified":"2021-12-30T12:27:13","modified_gmt":"2021-12-30T12:27:13","slug":"aviso-legal","status":"publish","type":"page","link":"https:\/\/shelight.com\/es\/aviso-legal\/","title":{"rendered":"AVISO LEGAL"},"content":{"rendered":"<p>G MODA C.B.<br \/>\nCosta d&#8217;en Brossa 3<br \/>\n07001<br \/>\nPalma de Mallorca<br \/>\nIslas Baleares<br \/>\nEspa\u00f1a<br \/>\nCuba ES E16519928<\/p>\n<p>Tfno. +34 871026485<br \/>\nWeb: www.shelight.com<br \/>\nCorreo electr\u00f3nico: info@shelight.com<br \/>\norders@shelight.com<\/p>\n<p>________________________________________<br \/>\n1. T\u00c9RMINOS DE USO<br \/>\nCualquier usuario que acceda a los dominios https:\/\/www.shelight.com est\u00e1 sujeto a las condiciones de uso que se presentan en este documento. Lea atentamente las condiciones generales.<\/p>\n<p>2. DERECHOS DE AUTOR Y MARCA<br \/>\nTodos los contenidos de www.shelight.com son propiedad exclusiva de G Fashion CB, incluidas las reproducciones de art\u00edculos, dise\u00f1o gr\u00e1fico, logotipos, im\u00e1genes, textos, ilustraciones, fotograf\u00edas y otras caracter\u00edsticas distintivas, as\u00ed como el software utilizado para operar y desarrollar este sitio web. .<br \/>\nQueda expresamente prohibido reproducir, distribuir, comunicar o utilizar este sitio web de cualquier otra forma sin el consentimiento expreso del titular de los derechos de explotaci\u00f3n.<br \/>\nG Fashion C.B. no otorga ninguna autorizaci\u00f3n de uso de sus derechos de propiedad intelectual o cualquier otra propiedad relacionada con los productos presentados en este sitio web.<br \/>\n3. SEGURIDAD, CONFIDENCIALIDAD Y PROTECCI\u00d3N DE DATOS<br \/>\nTodo usuario que compre en www.shelight.com adquirir\u00e1 la condici\u00f3n de Cliente.<br \/>\nLos datos ser\u00e1n recogidos en un servidor perteneciente a G Fashion C.B. mediante protocolo SSL y su transmisi\u00f3n ser\u00e1 encriptada para asegurar la confidencialidad de los mismos. El servidor reconoce autom\u00e1ticamente: la direcci\u00f3n IP, fecha y hora de entrada y salida del sitio web, as\u00ed como los archivos que el usuario ha descargado.<br \/>\nLos datos personales recibidos ser\u00e1n tratados de acuerdo con el Reglamento General de Protecci\u00f3n de Datos y dem\u00e1s normativa vigente en Espa\u00f1a.<br \/>\nEn cualquier momento podr\u00e1 ejercitar sus derechos de acceso, rectificaci\u00f3n, cancelaci\u00f3n y oposici\u00f3n de sus datos personales a trav\u00e9s del correo electr\u00f3nico info@shelight.com<br \/>\n&#8211; Prop\u00f3sito<br \/>\nEn G Fashion C.B. tratamos la informaci\u00f3n de los interesados \u200b\u200bcon tres finalidades:<br \/>\n1. Asegurar una buena gesti\u00f3n de la relaci\u00f3n comercial con nuestros clientes presentes en nuestras tiendas f\u00edsicas y online, para garantizar una adecuada gesti\u00f3n comercial, log\u00edstica y de atenci\u00f3n al cliente, por lo que nos reservamos el derecho de realizar cualquier encuesta de calidad que consideremos oportuno ofrecerle. un producto y servicio de calidad. Al proporcionarnos sus datos personales, tiene la opci\u00f3n de crear una cuenta en Shelight para que la pr\u00f3xima vez que compre un art\u00edculo, ya tengamos sus datos.<br \/>\n2. Informarle peri\u00f3dicamente sobre nuevos productos, servicios, promociones e invitaciones a eventos que puedan ser de su inter\u00e9s utilizando cualquiera de los medios electr\u00f3nicos existentes disponibles hoy y en el futuro.<br \/>\n3. Realizar concursos o sorteos promocionales o campa\u00f1as especiales.<\/p>\n<p>4.Cookies:<br \/>\n1. Podemos recopilar informaci\u00f3n sobre su computadora, incluida, cuando corresponda, su direcci\u00f3n IP, sistema operativo y tipo de navegador para la administraci\u00f3n del sistema. Se trata de datos estad\u00edsticos sobre c\u00f3mo navega por nuestro sitio web.<br \/>\n2. Por la misma raz\u00f3n, podemos obtener informaci\u00f3n sobre su uso general en nuestra tienda mediante el uso de un archivo de cookies que se almacena en el disco duro de su computadora. Las cookies contienen informaci\u00f3n que se transfiere al disco duro de su computadora.<br \/>\n3. Las cookies nos ayudan a mejorar nuestro sitio web y brindar un servicio mejor y m\u00e1s personalizado. Espec\u00edficamente, podemos:<br \/>\no Haga una estimaci\u00f3n de n\u00fameros y patrones de uso.<br \/>\no Almacenar informaci\u00f3n sobre sus preferencias y personalizar nuestro sitio web de acuerdo con sus intereses individuales.<br \/>\no Acelere sus b\u00fasquedas.<br \/>\no Reconocerle cuando regrese a nuestro sitio.<br \/>\n4. Puede negarse a aceptar cookies activando la configuraci\u00f3n en su navegador que le permite rechazar las cookies. Sin embargo, si selecciona esta configuraci\u00f3n, es posible que no pueda acceder a ciertas partes del sitio web o aprovechar algunos de nuestros servicios. A menos que haya ajustado la configuraci\u00f3n de su navegador para rechazar las cookies, nuestro sistema establecer\u00e1 cookies cuando inicie sesi\u00f3n en nuestro sitio.<br \/>\n5. CONDICIONES DE ACCESO Y USO<br \/>\nG Gashion C.B. proh\u00edbe expresamente lo siguiente:<br \/>\nRealizar cualquier acci\u00f3n que pueda ocasionar alg\u00fan tipo de da\u00f1o en los sistemas de G Fashion C.B. o de terceros por o en su sitio web.<br \/>\nEnv\u00edo de cualquier tipo de publicidad o informaci\u00f3n comercial, ya sea de forma directa o indirecta, correos masivos (spam) o mail bombing con el objetivo de bloquear los servidores web sin la correspondiente autorizaci\u00f3n.<br \/>\nG Fashion C.B. podr\u00e1 interrumpir el acceso a su sitio web en cualquier momento si detecta un uso il\u00edcito, falta de buena fe o violaciones a las presentes condiciones legales.<br \/>\nEn caso de declararse nula alguna cl\u00e1usula de este documento, las dem\u00e1s permanecer\u00e1n vigentes y se interpretar\u00e1n teniendo en cuenta la voluntad de las partes y la finalidad de estas condiciones. G Fashion C.B. puede dejar de ejercer algunos de los derechos y autoridad definidos en este documento, lo que en ning\u00fan caso significa que ceda estos derechos y autoridad, a menos que G Fashion C.B.<\/p>\n<p>6. JURISDICCI\u00d3N<br \/>\nLas presentes condiciones de compra se encuentran sometidas a la legislaci\u00f3n espa\u00f1ola, por lo que las operaciones de venta se entender\u00e1n realizadas en el domicilio de Distribuciones G Fashion CB En caso de controversia entre las partes de este contrato, ambas partes, renuncian expresamente a cualquier otro fuero que pudiera corresponderles. les corresponden en derecho y se someten a la jurisdicci\u00f3n de los juzgados y tribunales de Palma de Mallorca, para la resoluci\u00f3n de las controversias derivadas de la interpretaci\u00f3n o ejecuci\u00f3n del presente contrato.<\/p>\n<p>7. MODIFICACI\u00d3N DE ESTOS T\u00c9RMINOS DE USO<br \/>\nG Fashion C.B. se reserva el derecho a modificar, en cualquier momento y sin previo aviso, la presentaci\u00f3n y configuraci\u00f3n del sitio web y redes sociales, as\u00ed como las condiciones de uso, la pol\u00edtica de privacidad y la pol\u00edtica de cookies. Los clientes y usuarios siempre tendr\u00e1n estos t\u00e9rminos de uso en un sitio visible y de libre acceso. Los clientes siempre deben leer estos t\u00e9rminos con mucha atenci\u00f3n. La aceptaci\u00f3n de las condiciones de uso vigentes en cada momento ser\u00e1 requisito indispensable para la compra y \/ o prestaci\u00f3n de los servicios en www.shelight.com.<\/p>\n","protected":false},"excerpt":{"rendered":"<p>G MODA C.B. Costa d&#8217;en Brossa 3 07001 Palma de Mallorca Islas Baleares Espa\u00f1a Cuba ES E16519928 Tfno. +34 871026485 Web: www.shelight.com Correo electr\u00f3nico: info@shelight.com orders@shelight.com ________________________________________ 1. T\u00c9RMINOS DE&#8230;<\/p>\n","protected":false},"author":1,"featured_media":0,"parent":0,"menu_order":0,"comment_status":"closed","ping_status":"closed","template":"","meta":{"footnotes":""},"class_list":["post-15032","page","type-page","status-publish"],"aioseo_notices":[],"_links":{"self":[{"href":"https:\/\/shelight.com\/es\/wp-json\/wp\/v2\/pages\/15032"}],"collection":[{"href":"https:\/\/shelight.com\/es\/wp-json\/wp\/v2\/pages"}],"about":[{"href":"https:\/\/shelight.com\/es\/wp-json\/wp\/v2\/types\/page"}],"author":[{"embeddable":true,"href":"https:\/\/shelight.com\/es\/wp-json\/wp\/v2\/users\/1"}],"replies":[{"embeddable":true,"href":"https:\/\/shelight.com\/es\/wp-json\/wp\/v2\/comments?post=15032"}],"version-history":[{"count":3,"href":"https:\/\/shelight.com\/es\/wp-json\/wp\/v2\/pages\/15032\/revisions"}],"predecessor-version":[{"id":17787,"href":"https:\/\/shelight.com\/es\/wp-json\/wp\/v2\/pages\/15032\/revisions\/17787"}],"wp:attachment":[{"href":"https:\/\/shelight.com\/es\/wp-json\/wp\/v2\/media?parent=15032"}],"curies":[{"name":"wp","href":"https:\/\/api.w.org\/{rel}","templated":true}]}}