{"id":15544,"date":"2021-10-05T16:56:08","date_gmt":"2021-10-05T16:56:08","guid":{"rendered":"https:\/\/shelightdemo.com\/choclip\/"},"modified":"2021-12-07T14:00:49","modified_gmt":"2021-12-07T14:00:49","slug":"choclip","status":"publish","type":"page","link":"https:\/\/shelight.com\/es\/choclip\/","title":{"rendered":"CHOCLIP"},"content":{"rendered":"[vc_row type=\u00bbfull_width_content\u00bb full_screen_row_position=\u00bbmiddle\u00bb column_margin=\u00bbdefault\u00bb equal_height=\u00bbyes\u00bb content_placement=\u00bbmiddle\u00bb column_direction=\u00bbdefault\u00bb column_direction_tablet=\u00bbdefault\u00bb column_direction_phone=\u00bbdefault\u00bb bg_color=\u00bb#ffffff\u00bb scene_position=\u00bbcenter\u00bb text_color=\u00bbdark\u00bb text_align=\u00bbleft\u00bb row_border_radius=\u00bbnone\u00bb row_border_radius_applies=\u00bbbg\u00bb overlay_strength=\u00bb0.3&#8243; gradient_direction=\u00bbleft_to_right\u00bb shape_divider_position=\u00bbbottom\u00bb bg_image_animation=\u00bbnone\u00bb shape_type=\u00bb\u00bb][vc_column column_padding=\u00bbpadding-6-percent\u00bb column_padding_tablet=\u00bbinherit\u00bb column_padding_phone=\u00bbinherit\u00bb column_padding_position=\u00bball\u00bb column_element_spacing=\u00bbdefault\u00bb centered_text=\u00bbtrue\u00bb background_color_opacity=\u00bb1&#8243; background_hover_color_opacity=\u00bb1&#8243; background_image=\u00bb13679&#8243; background_image_position=\u00bbcenter center\u00bb background_image_loading=\u00bbdefault\u00bb font_color=\u00bb#ffffff\u00bb column_shadow=\u00bbnone\u00bb column_border_radius=\u00bbnone\u00bb column_link_target=\u00bb_self\u00bb gradient_direction=\u00bbleft_to_right\u00bb overlay_strength=\u00bb0.3&#8243; width=\u00bb1\/2&#8243; tablet_width_inherit=\u00bbdefault\u00bb tablet_text_alignment=\u00bbdefault\u00bb phone_text_alignment=\u00bbdefault\u00bb bg_image_animation=\u00bbnone\u00bb border_type=\u00bbsimple\u00bb column_border_width=\u00bbnone\u00bb column_border_style=\u00bbsolid\u00bb][\/vc_column][vc_column column_padding=\u00bbpadding-4-percent\u00bb column_padding_tablet=\u00bbinherit\u00bb column_padding_phone=\u00bbinherit\u00bb column_padding_position=\u00bball\u00bb column_element_spacing=\u00bbdefault\u00bb background_color=\u00bb#f9f9f9&#8243; background_color_opacity=\u00bb1&#8243; background_hover_color_opacity=\u00bb1&#8243; column_shadow=\u00bbnone\u00bb column_border_radius=\u00bbnone\u00bb column_link_target=\u00bb_self\u00bb gradient_direction=\u00bbleft_to_right\u00bb overlay_strength=\u00bb0.3&#8243; width=\u00bb1\/2&#8243; tablet_width_inherit=\u00bbdefault\u00bb tablet_text_alignment=\u00bbdefault\u00bb phone_text_alignment=\u00bbdefault\u00bb bg_image_animation=\u00bbnone\u00bb border_type=\u00bbsimple\u00bb column_border_width=\u00bbnone\u00bb column_border_style=\u00bbsolid\u00bb][divider line_type=\u00bbNo Line\u00bb custom_height=\u00bb100&#8243;][vc_column_text]Nuestras Flipflops se desarrollan a trav\u00e9s de un proceso de fabricaci\u00f3n muy especial hecho en Italia. La forma y la elaboraci\u00f3n particular de la suela de goma son de propiedad exclusiva. Piel de primera calidad combinada con una suela de goma extralight, flexible, resistente y confortable. La plantilla y el cord\u00f3n del tobillo est\u00e1n realizados con piel genuina made in Italy.<\/p>\n<p>Color marr\u00f3n oscuro y altura de 1 cm. Los accesorios joyas intercambiables est\u00e1n hechos a mano por expertos artesanos en italia, nickel free. Las perlas y los cristales de nuestros accesorios intercambiables est\u00e1n certificados exclusivamente por Swarovski. Las piedras naturales son de alta calidad.[\/vc_column_text][divider line_type=\u00bbNo Line\u00bb custom_height=\u00bb100&#8243;][\/vc_column][\/vc_row][vc_row type=\u00bbfull_width_content\u00bb full_screen_row_position=\u00bbmiddle\u00bb column_margin=\u00bbnone\u00bb column_direction=\u00bbdefault\u00bb column_direction_tablet=\u00bbdefault\u00bb column_direction_phone=\u00bbdefault\u00bb bg_color=\u00bb#ffffff\u00bb scene_position=\u00bbcenter\u00bb top_padding=\u00bb4%\u00bb top_padding_tablet=\u00bb8%\u00bb constrain_group_3=\u00bbyes\u00bb bottom_padding_tablet=\u00bb8%\u00bb text_color=\u00bbdark\u00bb text_align=\u00bbcenter\u00bb row_border_radius=\u00bbnone\u00bb row_border_radius_applies=\u00bbbg\u00bb overlay_strength=\u00bb0.8&#8243; gradient_direction=\u00bbradial\u00bb shape_divider_position=\u00bbbottom\u00bb bg_image_animation=\u00bbnone\u00bb shape_type=\u00bb\u00bb][vc_column column_padding=\u00bbno-extra-padding\u00bb column_padding_tablet=\u00bbinherit\u00bb column_padding_phone=\u00bbinherit\u00bb column_padding_position=\u00bball\u00bb column_element_spacing=\u00bbdefault\u00bb background_color_opacity=\u00bb1&#8243; background_hover_color_opacity=\u00bb1&#8243; column_shadow=\u00bbnone\u00bb column_border_radius=\u00bbnone\u00bb column_link_target=\u00bb_self\u00bb gradient_direction=\u00bbleft_to_right\u00bb overlay_strength=\u00bb0.3&#8243; width=\u00bb1\/1&#8243; tablet_width_inherit=\u00bbdefault\u00bb tablet_text_alignment=\u00bbdefault\u00bb phone_text_alignment=\u00bbdefault\u00bb bg_image_animation=\u00bbnone\u00bb border_type=\u00bbsimple\u00bb column_border_width=\u00bbnone\u00bb column_border_style=\u00bbsolid\u00bb][vc_column_text]\n<h2 class=\"vc_custom_heading\" style=\"text-align: center;\">Elige tu estilo<\/h2>\n<h4 class=\"vc_custom_heading\" style=\"text-align: center;\">Let yourself shine<\/h4>\n[\/vc_column_text][\/vc_column][\/vc_row][vc_row type=\u00bbfull_width_content\u00bb full_screen_row_position=\u00bbmiddle\u00bb column_margin=\u00bbnone\u00bb column_direction=\u00bbdefault\u00bb column_direction_tablet=\u00bbdefault\u00bb column_direction_phone=\u00bbdefault\u00bb bg_color=\u00bb#ffffff\u00bb scene_position=\u00bbcenter\u00bb top_padding=\u00bb4%\u00bb bottom_padding=\u00bb4%\u00bb constrain_group_3=\u00bbyes\u00bb text_color=\u00bbdark\u00bb text_align=\u00bbleft\u00bb row_border_radius=\u00bbnone\u00bb row_border_radius_applies=\u00bbbg\u00bb overlay_strength=\u00bb0.3&#8243; gradient_direction=\u00bbleft_to_right\u00bb shape_divider_position=\u00bbbottom\u00bb bg_image_animation=\u00bbnone\u00bb shape_type=\u00bb\u00bb][vc_column column_padding=\u00bbno-extra-padding\u00bb column_padding_tablet=\u00bbinherit\u00bb column_padding_phone=\u00bbinherit\u00bb column_padding_position=\u00bball\u00bb column_element_spacing=\u00bbdefault\u00bb background_color_opacity=\u00bb1&#8243; background_hover_color_opacity=\u00bb1&#8243; column_shadow=\u00bbnone\u00bb column_border_radius=\u00bbnone\u00bb column_link_target=\u00bb_self\u00bb gradient_direction=\u00bbleft_to_right\u00bb overlay_strength=\u00bb0.3&#8243; width=\u00bb1\/1&#8243; tablet_width_inherit=\u00bbdefault\u00bb tablet_text_alignment=\u00bbdefault\u00bb phone_text_alignment=\u00bbdefault\u00bb bg_image_animation=\u00bbnone\u00bb border_type=\u00bbsimple\u00bb column_border_width=\u00bbnone\u00bb column_border_style=\u00bbsolid\u00bb][vc_row_inner equal_height=\u00bbyes\u00bb content_placement=\u00bbmiddle\u00bb column_margin=\u00bbnone\u00bb column_direction=\u00bbdefault\u00bb column_direction_tablet=\u00bbdefault\u00bb column_direction_phone=\u00bbdefault\u00bb text_align=\u00bbleft\u00bb][vc_column_inner column_padding=\u00bbpadding-5-percent\u00bb column_padding_tablet=\u00bbinherit\u00bb column_padding_phone=\u00bbinherit\u00bb column_padding_position=\u00bball\u00bb column_element_spacing=\u00bbdefault\u00bb centered_text=\u00bbtrue\u00bb background_color_opacity=\u00bb1&#8243; background_hover_color_opacity=\u00bb1&#8243; background_image=\u00bb17701&#8243; background_image_position=\u00bbcenter top\u00bb enable_bg_scale=\u00bbtrue\u00bb background_image_loading=\u00bbdefault\u00bb font_color=\u00bb#ffffff\u00bb column_shadow=\u00bbnone\u00bb column_border_radius=\u00bbnone\u00bb column_link_target=\u00bb_self\u00bb enable_gradient=\u00bbtrue\u00bb color_overlay=\u00bb#000000&#8243; gradient_direction=\u00bbradial\u00bb overlay_strength=\u00bb0.3&#8243; width=\u00bb1\/3&#8243; tablet_width_inherit=\u00bbdefault\u00bb bg_image_animation=\u00bbnone\u00bb border_type=\u00bbsimple\u00bb column_border_width=\u00bb10px\u00bb column_border_color=\u00bb#ffffff\u00bb column_border_style=\u00bbsolid\u00bb][divider line_type=\u00bbNo Line\u00bb custom_height=\u00bb20vh\u00bb custom_height_phone=\u00bb150&#8243;][vc_column_text max_width=\u00bb350&#8243; css=\u00bb.vc_custom_1635412577005{margin-bottom: 15px !important;}\u00bb]\n<h2>ROSE<\/h2>\n[\/vc_column_text][nectar_cta btn_style=\u00bbunderline\u00bb heading_tag=\u00bbspan\u00bb text_color=\u00bb#ffffff\u00bb button_color=\u00bbdefault\u00bb link_type=\u00bbregular\u00bb alignment=\u00bbcenter\u00bb alignment_tablet=\u00bbdefault\u00bb alignment_phone=\u00bbdefault\u00bb display=\u00bbblock\u00bb link_text=\u00bbCOMPRAR AHORA\u00bb url=\u00bbhttps:\/\/shelight.com\/es\/categoria-producto\/choclip-rose-es\/\u00bb][divider line_type=\u00bbNo Line\u00bb custom_height=\u00bb20vh\u00bb custom_height_phone=\u00bb150&#8243;][\/vc_column_inner][vc_column_inner column_padding=\u00bbpadding-5-percent\u00bb column_padding_tablet=\u00bbinherit\u00bb column_padding_phone=\u00bbinherit\u00bb column_padding_position=\u00bball\u00bb column_element_spacing=\u00bbdefault\u00bb centered_text=\u00bbtrue\u00bb background_color_opacity=\u00bb1&#8243; background_hover_color_opacity=\u00bb1&#8243; background_image=\u00bb17703&#8243; background_image_position=\u00bbcenter top\u00bb enable_bg_scale=\u00bbtrue\u00bb background_image_loading=\u00bbdefault\u00bb font_color=\u00bb#ffffff\u00bb column_shadow=\u00bbnone\u00bb column_border_radius=\u00bbnone\u00bb column_link_target=\u00bb_self\u00bb enable_gradient=\u00bbtrue\u00bb color_overlay=\u00bb#000000&#8243; gradient_direction=\u00bbradial\u00bb overlay_strength=\u00bb0.3&#8243; width=\u00bb1\/3&#8243; tablet_width_inherit=\u00bbdefault\u00bb bg_image_animation=\u00bbnone\u00bb border_type=\u00bbsimple\u00bb column_border_width=\u00bb10px\u00bb column_border_color=\u00bb#ffffff\u00bb column_border_style=\u00bbsolid\u00bb][divider line_type=\u00bbNo Line\u00bb custom_height=\u00bb20vh\u00bb custom_height_phone=\u00bb150&#8243;][vc_column_text max_width=\u00bb350&#8243; css=\u00bb.vc_custom_1635412582437{margin-bottom: 15px !important;}\u00bb]\n<h2>FLOWER<\/h2>\n[\/vc_column_text][nectar_cta btn_style=\u00bbunderline\u00bb heading_tag=\u00bbspan\u00bb text_color=\u00bb#ffffff\u00bb button_color=\u00bbdefault\u00bb link_type=\u00bbregular\u00bb alignment=\u00bbcenter\u00bb alignment_tablet=\u00bbdefault\u00bb alignment_phone=\u00bbdefault\u00bb display=\u00bbblock\u00bb link_text=\u00bbCOMPRAR AHORA\u00bb url=\u00bbhttps:\/\/shelight.com\/es\/categoria-producto\/chocolate-clip-flower-es\/\u00bb][divider line_type=\u00bbNo Line\u00bb custom_height=\u00bb20vh\u00bb custom_height_phone=\u00bb150&#8243;][\/vc_column_inner][vc_column_inner column_padding=\u00bbpadding-5-percent\u00bb column_padding_tablet=\u00bbinherit\u00bb column_padding_phone=\u00bbinherit\u00bb column_padding_position=\u00bball\u00bb column_element_spacing=\u00bbdefault\u00bb centered_text=\u00bbtrue\u00bb background_color_opacity=\u00bb1&#8243; background_hover_color_opacity=\u00bb1&#8243; background_image=\u00bb17707&#8243; background_image_position=\u00bbcenter top\u00bb background_image_loading=\u00bbdefault\u00bb font_color=\u00bb#ffffff\u00bb column_shadow=\u00bbnone\u00bb column_border_radius=\u00bbnone\u00bb column_link_target=\u00bb_self\u00bb enable_gradient=\u00bbtrue\u00bb color_overlay=\u00bb#000000&#8243; gradient_direction=\u00bbradial\u00bb overlay_strength=\u00bb0.3&#8243; width=\u00bb1\/3&#8243; tablet_width_inherit=\u00bbdefault\u00bb bg_image_animation=\u00bbnone\u00bb border_type=\u00bbsimple\u00bb column_border_width=\u00bb10px\u00bb column_border_color=\u00bb#ffffff\u00bb column_border_style=\u00bbsolid\u00bb][divider line_type=\u00bbNo Line\u00bb custom_height=\u00bb20vh\u00bb custom_height_phone=\u00bb150&#8243;][vc_column_text max_width=\u00bb350&#8243; css=\u00bb.vc_custom_1635412586597{margin-bottom: 15px !important;}\u00bb]\n<h2>OVAL<\/h2>\n[\/vc_column_text][nectar_cta btn_style=\u00bbunderline\u00bb heading_tag=\u00bbspan\u00bb text_color=\u00bb#ffffff\u00bb button_color=\u00bbdefault\u00bb link_type=\u00bbregular\u00bb alignment=\u00bbcenter\u00bb alignment_tablet=\u00bbdefault\u00bb alignment_phone=\u00bbdefault\u00bb display=\u00bbblock\u00bb link_text=\u00bbCOMPRAR AHORA\u00bb url=\u00bbhttps:\/\/shelight.com\/es\/categoria-producto\/choclip-oval-es\/\u00bb][divider line_type=\u00bbNo Line\u00bb custom_height=\u00bb20vh\u00bb custom_height_phone=\u00bb150&#8243;][\/vc_column_inner][\/vc_row_inner][vc_row_inner equal_height=\u00bbyes\u00bb content_placement=\u00bbmiddle\u00bb column_margin=\u00bbnone\u00bb column_direction=\u00bbdefault\u00bb column_direction_tablet=\u00bbdefault\u00bb column_direction_phone=\u00bbdefault\u00bb text_align=\u00bbleft\u00bb][vc_column_inner column_padding=\u00bbpadding-5-percent\u00bb column_padding_tablet=\u00bbinherit\u00bb column_padding_phone=\u00bbinherit\u00bb column_padding_position=\u00bball\u00bb column_element_spacing=\u00bbdefault\u00bb centered_text=\u00bbtrue\u00bb background_color_opacity=\u00bb1&#8243; background_hover_color_opacity=\u00bb1&#8243; background_image=\u00bb17709&#8243; background_image_position=\u00bbcenter top\u00bb enable_bg_scale=\u00bbtrue\u00bb background_image_loading=\u00bbdefault\u00bb font_color=\u00bb#ffffff\u00bb column_shadow=\u00bbnone\u00bb column_border_radius=\u00bbnone\u00bb column_link_target=\u00bb_self\u00bb enable_gradient=\u00bbtrue\u00bb color_overlay=\u00bb#000000&#8243; gradient_direction=\u00bbradial\u00bb overlay_strength=\u00bb0.3&#8243; width=\u00bb1\/3&#8243; tablet_width_inherit=\u00bbdefault\u00bb bg_image_animation=\u00bbnone\u00bb border_type=\u00bbsimple\u00bb column_border_width=\u00bb10px\u00bb column_border_color=\u00bb#ffffff\u00bb column_border_style=\u00bbsolid\u00bb][divider line_type=\u00bbNo Line\u00bb custom_height=\u00bb20vh\u00bb custom_height_phone=\u00bb150&#8243;][vc_column_text max_width=\u00bb350&#8243; css=\u00bb.vc_custom_1635412592679{margin-bottom: 15px !important;}\u00bb]\n<h2>ICE<\/h2>\n[\/vc_column_text][nectar_cta btn_style=\u00bbunderline\u00bb heading_tag=\u00bbspan\u00bb text_color=\u00bb#ffffff\u00bb button_color=\u00bbdefault\u00bb link_type=\u00bbregular\u00bb alignment=\u00bbcenter\u00bb alignment_tablet=\u00bbdefault\u00bb alignment_phone=\u00bbdefault\u00bb display=\u00bbblock\u00bb link_text=\u00bbCOMPRAR AHORA\u00bb url=\u00bbhttps:\/\/shelight.com\/es\/categoria-producto\/choclip-ice-es\/\u00bb][divider line_type=\u00bbNo Line\u00bb custom_height=\u00bb20vh\u00bb custom_height_phone=\u00bb150&#8243;][\/vc_column_inner][vc_column_inner column_padding=\u00bbpadding-5-percent\u00bb column_padding_tablet=\u00bbinherit\u00bb column_padding_phone=\u00bbinherit\u00bb column_padding_position=\u00bball\u00bb column_element_spacing=\u00bbdefault\u00bb centered_text=\u00bbtrue\u00bb background_color_opacity=\u00bb1&#8243; background_hover_color_opacity=\u00bb1&#8243; background_image=\u00bb17711&#8243; background_image_position=\u00bbcenter top\u00bb enable_bg_scale=\u00bbtrue\u00bb background_image_loading=\u00bbdefault\u00bb font_color=\u00bb#ffffff\u00bb column_shadow=\u00bbnone\u00bb column_border_radius=\u00bbnone\u00bb column_link_target=\u00bb_self\u00bb enable_gradient=\u00bbtrue\u00bb color_overlay=\u00bb#000000&#8243; gradient_direction=\u00bbradial\u00bb overlay_strength=\u00bb0.3&#8243; width=\u00bb1\/3&#8243; tablet_width_inherit=\u00bbdefault\u00bb bg_image_animation=\u00bbnone\u00bb border_type=\u00bbsimple\u00bb column_border_width=\u00bb10px\u00bb column_border_color=\u00bb#ffffff\u00bb column_border_style=\u00bbsolid\u00bb][divider line_type=\u00bbNo Line\u00bb custom_height=\u00bb20vh\u00bb custom_height_phone=\u00bb150&#8243;][vc_column_text max_width=\u00bb350&#8243; css=\u00bb.vc_custom_1635412596632{margin-bottom: 15px !important;}\u00bb]\n<h2>METAL<\/h2>\n[\/vc_column_text][nectar_cta btn_style=\u00bbunderline\u00bb heading_tag=\u00bbspan\u00bb text_color=\u00bb#ffffff\u00bb button_color=\u00bbdefault\u00bb link_type=\u00bbregular\u00bb alignment=\u00bbcenter\u00bb alignment_tablet=\u00bbdefault\u00bb alignment_phone=\u00bbdefault\u00bb display=\u00bbblock\u00bb link_text=\u00bbCOMPRAR AHORA\u00bb url=\u00bbhttps:\/\/shelight.com\/es\/categoria-producto\/choclip-metal-es\/\u00bb][divider line_type=\u00bbNo Line\u00bb custom_height=\u00bb20vh\u00bb custom_height_phone=\u00bb150&#8243;][\/vc_column_inner][\/vc_row_inner][\/vc_column][\/vc_row]\n","protected":false},"excerpt":{"rendered":"<p>[vc_row type=\u00bbfull_width_content\u00bb full_screen_row_position=\u00bbmiddle\u00bb column_margin=\u00bbdefault\u00bb equal_height=\u00bbyes\u00bb content_placement=\u00bbmiddle\u00bb column_direction=\u00bbdefault\u00bb column_direction_tablet=\u00bbdefault\u00bb column_direction_phone=\u00bbdefault\u00bb bg_color=\u00bb#ffffff\u00bb scene_position=\u00bbcenter\u00bb text_color=\u00bbdark\u00bb text_align=\u00bbleft\u00bb row_border_radius=\u00bbnone\u00bb row_border_radius_applies=\u00bbbg\u00bb overlay_strength=\u00bb0.3&#8243; gradient_direction=\u00bbleft_to_right\u00bb shape_divider_position=\u00bbbottom\u00bb bg_image_animation=\u00bbnone\u00bb shape_type=\u00bb\u00bb][vc_column column_padding=\u00bbpadding-6-percent\u00bb column_padding_tablet=\u00bbinherit\u00bb column_padding_phone=\u00bbinherit\u00bb column_padding_position=\u00bball\u00bb column_element_spacing=\u00bbdefault\u00bb centered_text=\u00bbtrue\u00bb background_color_opacity=\u00bb1&#8243; background_hover_color_opacity=\u00bb1&#8243; background_image=\u00bb13679&#8243; background_image_position=\u00bbcenter&#8230;<\/p>\n","protected":false},"author":1,"featured_media":0,"parent":0,"menu_order":0,"comment_status":"closed","ping_status":"closed","template":"","meta":{"footnotes":""},"class_list":["post-15544","page","type-page","status-publish"],"aioseo_notices":[],"_links":{"self":[{"href":"https:\/\/shelight.com\/es\/wp-json\/wp\/v2\/pages\/15544"}],"collection":[{"href":"https:\/\/shelight.com\/es\/wp-json\/wp\/v2\/pages"}],"about":[{"href":"https:\/\/shelight.com\/es\/wp-json\/wp\/v2\/types\/page"}],"author":[{"embeddable":true,"href":"https:\/\/shelight.com\/es\/wp-json\/wp\/v2\/users\/1"}],"replies":[{"embeddable":true,"href":"https:\/\/shelight.com\/es\/wp-json\/wp\/v2\/comments?post=15544"}],"version-history":[{"count":5,"href":"https:\/\/shelight.com\/es\/wp-json\/wp\/v2\/pages\/15544\/revisions"}],"predecessor-version":[{"id":17713,"href":"https:\/\/shelight.com\/es\/wp-json\/wp\/v2\/pages\/15544\/revisions\/17713"}],"wp:attachment":[{"href":"https:\/\/shelight.com\/es\/wp-json\/wp\/v2\/media?parent=15544"}],"curies":[{"name":"wp","href":"https:\/\/api.w.org\/{rel}","templated":true}]}}