{"id":15562,"date":"2021-10-06T15:44:25","date_gmt":"2021-10-06T15:44:25","guid":{"rendered":"https:\/\/shelightdemo.com\/about\/"},"modified":"2024-05-13T13:24:50","modified_gmt":"2024-05-13T13:24:50","slug":"acerca-de-nosotros","status":"publish","type":"page","link":"https:\/\/shelight.com\/es\/acerca-de-nosotros\/","title":{"rendered":"SOBRE NOSOTROS"},"content":{"rendered":"[vc_row type=\u00bbfull_width_content\u00bb full_screen_row_position=\u00bbmiddle\u00bb column_margin=\u00bbdefault\u00bb equal_height=\u00bbyes\u00bb content_placement=\u00bbmiddle\u00bb column_direction=\u00bbdefault\u00bb column_direction_tablet=\u00bbdefault\u00bb column_direction_phone=\u00bbdefault\u00bb bg_color=\u00bb#ffffff\u00bb scene_position=\u00bbcenter\u00bb text_color=\u00bbdark\u00bb text_align=\u00bbleft\u00bb row_border_radius=\u00bbnone\u00bb row_border_radius_applies=\u00bbbg\u00bb overlay_strength=\u00bb0.3&#8243; gradient_direction=\u00bbleft_to_right\u00bb shape_divider_position=\u00bbbottom\u00bb bg_image_animation=\u00bbnone\u00bb][vc_column column_padding=\u00bbno-extra-padding\u00bb column_padding_tablet=\u00bbinherit\u00bb column_padding_phone=\u00bbinherit\u00bb column_padding_position=\u00bball\u00bb column_element_spacing=\u00bbdefault\u00bb background_color_opacity=\u00bb1&#8243; background_hover_color_opacity=\u00bb1&#8243; background_image=\u00bb17760&#8243; background_image_position=\u00bbcenter center\u00bb enable_bg_scale=\u00bbtrue\u00bb background_image_loading=\u00bbdefault\u00bb column_shadow=\u00bbnone\u00bb column_border_radius=\u00bbnone\u00bb column_link_target=\u00bb_self\u00bb gradient_direction=\u00bbleft_to_right\u00bb overlay_strength=\u00bb0.3&#8243; width=\u00bb1\/2&#8243; tablet_width_inherit=\u00bbdefault\u00bb tablet_text_alignment=\u00bbdefault\u00bb phone_text_alignment=\u00bbdefault\u00bb bg_image_animation=\u00bbnone\u00bb border_type=\u00bbsimple\u00bb column_border_width=\u00bbnone\u00bb column_border_style=\u00bbsolid\u00bb][divider line_type=\u00bbNo Line\u00bb custom_height=\u00bb700&#8243;][\/vc_column][vc_column column_padding=\u00bbpadding-10-percent\u00bb column_padding_tablet=\u00bbinherit\u00bb column_padding_phone=\u00bbinherit\u00bb column_padding_position=\u00bball\u00bb column_element_spacing=\u00bbdefault\u00bb background_color=\u00bb#f9f9f9&#8243; background_color_opacity=\u00bb1&#8243; background_hover_color_opacity=\u00bb1&#8243; column_shadow=\u00bbnone\u00bb column_border_radius=\u00bbnone\u00bb column_link_target=\u00bb_self\u00bb gradient_direction=\u00bbleft_to_right\u00bb overlay_strength=\u00bb0.3&#8243; width=\u00bb1\/2&#8243; tablet_width_inherit=\u00bbdefault\u00bb tablet_text_alignment=\u00bbdefault\u00bb phone_text_alignment=\u00bbdefault\u00bb bg_image_animation=\u00bbnone\u00bb border_type=\u00bbsimple\u00bb column_border_width=\u00bbnone\u00bb column_border_style=\u00bbsolid\u00bb][vc_row_inner column_margin=\u00bbdefault\u00bb column_direction=\u00bbdefault\u00bb column_direction_tablet=\u00bbdefault\u00bb column_direction_phone=\u00bbdefault\u00bb text_align=\u00bbleft\u00bb][vc_column_inner column_padding=\u00bbno-extra-padding\u00bb column_padding_tablet=\u00bbinherit\u00bb column_padding_phone=\u00bbinherit\u00bb column_padding_position=\u00bball\u00bb column_element_spacing=\u00bbdefault\u00bb background_color_opacity=\u00bb1&#8243; background_hover_color_opacity=\u00bb1&#8243; column_shadow=\u00bbnone\u00bb column_border_radius=\u00bbnone\u00bb column_link_target=\u00bb_self\u00bb gradient_direction=\u00bbleft_to_right\u00bb overlay_strength=\u00bb0.3&#8243; width=\u00bb1\/1&#8243; tablet_width_inherit=\u00bbdefault\u00bb bg_image_animation=\u00bbnone\u00bb enable_animation=\u00bbtrue\u00bb animation=\u00bbfade-in-from-bottom\u00bb border_type=\u00bbsimple\u00bb column_border_width=\u00bbnone\u00bb column_border_style=\u00bbsolid\u00bb][vc_column_text]<em><strong>Ornella spezzati, designer<\/strong><\/em>[\/vc_column_text][\/vc_column_inner][\/vc_row_inner][\/vc_column][\/vc_row][vc_row type=\u00bbfull_width_background\u00bb full_screen_row_position=\u00bbmiddle\u00bb column_margin=\u00bbdefault\u00bb column_direction=\u00bbdefault\u00bb column_direction_tablet=\u00bbdefault\u00bb column_direction_phone=\u00bbdefault\u00bb bg_color=\u00bb#ffffff\u00bb scene_position=\u00bbcenter\u00bb top_padding=\u00bb4%\u00bb bottom_padding=\u00bb4%\u00bb text_color=\u00bbdark\u00bb text_align=\u00bbleft\u00bb row_border_radius=\u00bbnone\u00bb row_border_radius_applies=\u00bbbg\u00bb overlay_strength=\u00bb0.3&#8243; gradient_direction=\u00bbleft_to_right\u00bb shape_divider_position=\u00bbbottom\u00bb bg_image_animation=\u00bbnone\u00bb shape_type=\u00bb\u00bb][vc_column column_padding=\u00bbno-extra-padding\u00bb column_padding_tablet=\u00bbinherit\u00bb column_padding_phone=\u00bbinherit\u00bb column_padding_position=\u00bball\u00bb column_element_spacing=\u00bbdefault\u00bb background_color_opacity=\u00bb1&#8243; background_hover_color_opacity=\u00bb1&#8243; column_shadow=\u00bbnone\u00bb column_border_radius=\u00bbnone\u00bb column_link_target=\u00bb_self\u00bb gradient_direction=\u00bbleft_to_right\u00bb overlay_strength=\u00bb0.3&#8243; width=\u00bb1\/1&#8243; tablet_width_inherit=\u00bbdefault\u00bb tablet_text_alignment=\u00bbdefault\u00bb phone_text_alignment=\u00bbdefault\u00bb bg_image_animation=\u00bbnone\u00bb border_type=\u00bbsimple\u00bb column_border_width=\u00bbnone\u00bb column_border_style=\u00bbsolid\u00bb][vc_column_text]\n<p style=\"text-align: center;\">Shelight naci\u00f3 en 2008 en la Toscana, coraz\u00f3n art\u00edstico de Italia, del talento creativo de Ornella Spezzati, una dise\u00f1adora innovadora en sus elecciones y combinaciones de materiales y acabados, amante del gusto y el refinamiento, pero siempre atenta a la practicidad y la facilidad de uso.<\/p>\n<p style=\"text-align: center;\">Original, diferente y visionaria, estos son los tres adjetivos que caracterizan el ADN de la marca.<\/p>\n<p style=\"text-align: center;\">En 2010, Shelight present\u00f3 en Premiere classe Par\u00eds su primera colecci\u00f3n de sandalias joya con pieles exclusivas y satenes de seda en diferentes alturas y colores. En particular, el modelo Lightkiss, adornado con 40 cristales Swarovski engastados a mano, y el modelo Queen ser\u00e1n seleccionados por Swarovski International Holdings y expuestos en el stand oficial de Swarovski en la Semana de la Moda de Nueva York. Los modelos Lightkiss y Queen de Shelight ser\u00e1n apreciados y lucidos por diversas celebridades en Europa y Estados Unidos.<\/p>\n<p style=\"text-align: center;\">En los a\u00f1os siguientes se inaugura el showroom oficial de la marca en Mil\u00e1n y se desarrolla una red comercial que llevar\u00e1 a Shelight a figurar en algunas de las boutiques m\u00e1s prestigiosas del panorama internacional.<\/p>\n<p style=\"text-align: center;\">En 2012, Shelight presenta su primera colecci\u00f3n de chanclas con el exclusivo sistema clip-on, inaugurando una nueva y fascinante experiencia de compra.<\/p>\n<p style=\"text-align: center;\">Con el sistema clip-on, es posible cambiar y alternar formas, materiales y colores de los exclusivos accesorios de bisuter\u00eda Shelight en todos los modelos de la colecci\u00f3n de chanclas. El \u00e9xito del sistema clip-on llevar\u00e1 a Shelight a ampliar la gama de modelos que ofrece al p\u00fablico. En la actualidad, el sistema clip-on est\u00e1 presente en todos los modelos de la colecci\u00f3n de zapatos de la marca, desde las bailarinas de piel suave y terciopelo hasta las alpargatas de tela. Otra caracter\u00edstica fundacional de la Marca, es la alta calidad, que siempre ha estado presente en cada detalle y en cada colecci\u00f3n de la maison.<\/p>\n<p style=\"text-align: center;\">En 2017, Shelight abri\u00f3 su primera tienda oficial en Palma de Mallorca, perla de las Islas Baleares, en uno de los espacios m\u00e1s encantadores y especiales del centro hist\u00f3rico, y present\u00f3 tambi\u00e9n su primera colecci\u00f3n pr\u00eat-\u00e0-porter; vestidos retro-chic dise\u00f1ados y concebidos para convertirse en un best-buy. Compa\u00f1eros de estilo siempre presentes y una parte discreta pero indispensable del c\u00f3digo de vestimenta de toda mujer.<\/p>\n<p style=\"text-align: center;\">En 2022, Shelight renueva y redise\u00f1a gr\u00e1ficamente su shopping-on-line, ampliando la oferta de sus colecciones, tratando de cuidar la posventa y la atenci\u00f3n al cliente de la mejor manera posible, impulsada por un \u00fanico deseo: la b\u00fasqueda de la belleza, la elegancia y el buen hacer.<\/p>\n[\/vc_column_text][\/vc_column][\/vc_row][vc_row type=\u00bbfull_width_background\u00bb full_screen_row_position=\u00bbmiddle\u00bb column_margin=\u00bbdefault\u00bb column_direction=\u00bbdefault\u00bb column_direction_tablet=\u00bbdefault\u00bb column_direction_phone=\u00bbdefault\u00bb bg_color=\u00bb#ffffff\u00bb scene_position=\u00bbcenter\u00bb top_padding=\u00bb4%\u00bb bottom_padding=\u00bb4%\u00bb text_color=\u00bbdark\u00bb text_align=\u00bbleft\u00bb row_border_radius=\u00bbnone\u00bb row_border_radius_applies=\u00bbbg\u00bb overlay_strength=\u00bb0.3&#8243; gradient_direction=\u00bbleft_to_right\u00bb shape_divider_position=\u00bbbottom\u00bb bg_image_animation=\u00bbnone\u00bb shape_type=\u00bb\u00bb][vc_column column_padding=\u00bbno-extra-padding\u00bb column_padding_tablet=\u00bbinherit\u00bb column_padding_phone=\u00bbinherit\u00bb column_padding_position=\u00bball\u00bb column_element_spacing=\u00bbdefault\u00bb background_color_opacity=\u00bb1&#8243; background_hover_color_opacity=\u00bb1&#8243; column_shadow=\u00bbnone\u00bb column_border_radius=\u00bbnone\u00bb column_link_target=\u00bb_self\u00bb gradient_direction=\u00bbleft_to_right\u00bb overlay_strength=\u00bb0.3&#8243; width=\u00bb1\/1&#8243; tablet_width_inherit=\u00bbdefault\u00bb tablet_text_alignment=\u00bbdefault\u00bb phone_text_alignment=\u00bbdefault\u00bb bg_image_animation=\u00bbnone\u00bb border_type=\u00bbsimple\u00bb column_border_width=\u00bbnone\u00bb column_border_style=\u00bbsolid\u00bb][vc_gallery type=\u00bbimage_grid\u00bb images=\u00bb14795,14796,14797,14798,14799,14800,14801,14802&#8243; image_grid_loading=\u00bbdefault\u00bb layout=\u00bb4&#8243; item_spacing=\u00bb5px\u00bb gallery_style=\u00bb2&#8243; load_in_animation=\u00bbnone\u00bb img_size=\u00bbfull\u00bb][\/vc_column][\/vc_row]\n","protected":false},"excerpt":{"rendered":"<p>[vc_row type=\u00bbfull_width_content\u00bb full_screen_row_position=\u00bbmiddle\u00bb column_margin=\u00bbdefault\u00bb equal_height=\u00bbyes\u00bb content_placement=\u00bbmiddle\u00bb column_direction=\u00bbdefault\u00bb column_direction_tablet=\u00bbdefault\u00bb column_direction_phone=\u00bbdefault\u00bb bg_color=\u00bb#ffffff\u00bb scene_position=\u00bbcenter\u00bb text_color=\u00bbdark\u00bb text_align=\u00bbleft\u00bb row_border_radius=\u00bbnone\u00bb row_border_radius_applies=\u00bbbg\u00bb overlay_strength=\u00bb0.3&#8243; gradient_direction=\u00bbleft_to_right\u00bb shape_divider_position=\u00bbbottom\u00bb bg_image_animation=\u00bbnone\u00bb][vc_column column_padding=\u00bbno-extra-padding\u00bb column_padding_tablet=\u00bbinherit\u00bb column_padding_phone=\u00bbinherit\u00bb column_padding_position=\u00bball\u00bb column_element_spacing=\u00bbdefault\u00bb background_color_opacity=\u00bb1&#8243; background_hover_color_opacity=\u00bb1&#8243; background_image=\u00bb17760&#8243; background_image_position=\u00bbcenter center\u00bb enable_bg_scale=\u00bbtrue\u00bb&#8230;<\/p>\n","protected":false},"author":1,"featured_media":0,"parent":0,"menu_order":0,"comment_status":"closed","ping_status":"closed","template":"","meta":{"footnotes":""},"class_list":["post-15562","page","type-page","status-publish"],"aioseo_notices":[],"_links":{"self":[{"href":"https:\/\/shelight.com\/es\/wp-json\/wp\/v2\/pages\/15562"}],"collection":[{"href":"https:\/\/shelight.com\/es\/wp-json\/wp\/v2\/pages"}],"about":[{"href":"https:\/\/shelight.com\/es\/wp-json\/wp\/v2\/types\/page"}],"author":[{"embeddable":true,"href":"https:\/\/shelight.com\/es\/wp-json\/wp\/v2\/users\/1"}],"replies":[{"embeddable":true,"href":"https:\/\/shelight.com\/es\/wp-json\/wp\/v2\/comments?post=15562"}],"version-history":[{"count":5,"href":"https:\/\/shelight.com\/es\/wp-json\/wp\/v2\/pages\/15562\/revisions"}],"predecessor-version":[{"id":22076,"href":"https:\/\/shelight.com\/es\/wp-json\/wp\/v2\/pages\/15562\/revisions\/22076"}],"wp:attachment":[{"href":"https:\/\/shelight.com\/es\/wp-json\/wp\/v2\/media?parent=15562"}],"curies":[{"name":"wp","href":"https:\/\/api.w.org\/{rel}","templated":true}]}}