{"id":15572,"date":"2021-10-05T10:25:40","date_gmt":"2021-10-05T10:25:40","guid":{"rendered":"https:\/\/shelightdemo.com\/return-policy\/"},"modified":"2024-04-23T11:27:09","modified_gmt":"2024-04-23T11:27:09","slug":"devoluciones","status":"publish","type":"page","link":"https:\/\/shelight.com\/es\/devoluciones\/","title":{"rendered":"DEVOLUCIONES"},"content":{"rendered":"<p><strong>DERECHO DE DESISTIMIENTO<\/strong><br \/>\nEl cliente dispone de un plazo de siete (7) d\u00edas naturales desde la entrega del producto para comunicar su desistimiento total o parcial de la compra del producto. G Fashion C.B. no aceptar\u00e1 devoluciones por desistimiento de compras pasado el plazo de siete (7) d\u00edas naturales despu\u00e9s de la entrega del producto.<\/p>\n<p>Para facilitar el proceso de devoluci\u00f3n, el cliente debe comunicar su decision a traves de el correo orders@shelight.com , motivando su razones.<\/p>\n<p>A) No es mi talla<\/p>\n<p>B) No es el color que quer\u00eda<\/p>\n<p>C) No es lo que yo esperaba<\/p>\n<p>D). Est\u00e1 defectuoso<\/p>\n<p>Shelight correr\u00e1 con los gastos de transporte d ela mercanc\u00eda devuelta, \u00fanica y exclusivamente por defectos de fabricaci\u00f3n de la misma.<\/p>\n<p>El cliente debe comunicar a G Fashion C.B. lo antes posible del defecto del producto y enviar una foto para comprobarlo.<\/p>\n<p>El servicio de calidad comprobara la causa de el problema\u2019.<\/p>\n<p><strong>REEMBOLSO DEL PRECIO<\/strong><br \/>\nEn el supuesto del derecho de desistimiento, el cliente tendr\u00e1 el derecho al reembolso del precio de los productos devueltos, siempre que los productos devueltos se hallen en las mismas condiciones que fueron entregados; no hayan sido usados, lavados, da\u00f1ados o extraviados antes de llegar a las dependencias de G Fashion C.B., o no se hayan cumplido los requisitos establecidos en las condiciones presentes.<\/p>\n<p>G Fashion C.B. comprobar\u00e1 en su almac\u00e9n la adecuaci\u00f3n del producto devuelto, reserv\u00e1ndose el derecho a no realizar el reembolso en caso de detectar que el producto adquirido y el devuelto no coinciden o que la devoluci\u00f3n no se ha realizado conforme a las condiciones escritas.<\/p>\n<p>G Fashion C.B. gestionar\u00e1 la devoluci\u00f3n del precio mediante el mismo sistema de pago utilizado por el cliente para la adquisici\u00f3n de los productos, en un plazo de entre 7 y 10 d\u00edas laborables. Desde la confirmaci\u00f3n de llegada al almac\u00e9n del pedido devuelto.<\/p>\n<p>La aplicaci\u00f3n efectiva de la devoluci\u00f3n del precio en la cuenta o tarjeta del cliente depender\u00e1 de la tarjeta y de la entidad emisora. El plazo de aplicaci\u00f3n de la devoluci\u00f3n puede depender de terceros ajenos a la responsabilidad de G Fashion C.B.<\/p>\n<p>Direccion de devolucion:<\/p>\n<p>G Fashion C.B.<\/p>\n<p>Costa d\u2019en Brossa 3<\/p>\n<p>07001 Palma de Mallorca<\/p>\n<p>Balears<\/p>\n<p>Spain<\/p>\n","protected":false},"excerpt":{"rendered":"<p>DERECHO DE DESISTIMIENTO El cliente dispone de un plazo de siete (7) d\u00edas naturales desde la entrega del producto para comunicar su desistimiento total o parcial de la compra del&#8230;<\/p>\n","protected":false},"author":1,"featured_media":0,"parent":0,"menu_order":0,"comment_status":"closed","ping_status":"closed","template":"","meta":{"footnotes":""},"class_list":["post-15572","page","type-page","status-publish"],"aioseo_notices":[],"_links":{"self":[{"href":"https:\/\/shelight.com\/es\/wp-json\/wp\/v2\/pages\/15572"}],"collection":[{"href":"https:\/\/shelight.com\/es\/wp-json\/wp\/v2\/pages"}],"about":[{"href":"https:\/\/shelight.com\/es\/wp-json\/wp\/v2\/types\/page"}],"author":[{"embeddable":true,"href":"https:\/\/shelight.com\/es\/wp-json\/wp\/v2\/users\/1"}],"replies":[{"embeddable":true,"href":"https:\/\/shelight.com\/es\/wp-json\/wp\/v2\/comments?post=15572"}],"version-history":[{"count":4,"href":"https:\/\/shelight.com\/es\/wp-json\/wp\/v2\/pages\/15572\/revisions"}],"predecessor-version":[{"id":22022,"href":"https:\/\/shelight.com\/es\/wp-json\/wp\/v2\/pages\/15572\/revisions\/22022"}],"wp:attachment":[{"href":"https:\/\/shelight.com\/es\/wp-json\/wp\/v2\/media?parent=15572"}],"curies":[{"name":"wp","href":"https:\/\/api.w.org\/{rel}","templated":true}]}}