{"id":15573,"date":"2021-10-05T10:27:32","date_gmt":"2021-10-05T10:27:32","guid":{"rendered":"https:\/\/shelightdemo.com\/payment-methods\/"},"modified":"2024-06-13T13:40:35","modified_gmt":"2024-06-13T13:40:35","slug":"metodos-de-pago","status":"publish","type":"page","link":"https:\/\/shelight.com\/es\/metodos-de-pago\/","title":{"rendered":"M\u00c9TODOS DE PAGO"},"content":{"rendered":"<p>G FASHION CB<br \/>\nCOSTA D&#8217;EN BROSSA 3<br \/>\n07001 PALMA DE MALLORCA<br \/>\nILLES BALEARES<br \/>\nESPA\u00d1A<br \/>\nN\u00daMERO DE IVA ES-E16519928<\/p>\n<p>TIPO DE MONEDA: EURO<\/p>\n<p>TIPO DE DECIMALES DESPU\u00c9S DE COMA 2, TIPO \u20ac. 170,00<\/p>\n<p>PESO UNIDAD KG<\/p>\n<p>Mensajer\u00eda UPS<\/p>\n<p>FORMA DE PAGO PAYPAL, TARJETA DE CR\u00c9DITO (VISA, MASTERCAD, AMERICN EXPRESS?)<br \/>\nTRANSFERENCIA BANCARIA con env\u00edo autom\u00e1tico de formulario con datos bancarios al confirmar el pedido)<\/p>\n<p>DATOS BANCARIOS POR FORMULARIO<\/p>\n<p>G FASHION CB<br \/>\nCOSTA D&#8217;EN BROSSA N. 3<br \/>\n07001 PALMA DE MALLORCA<br \/>\nILLES BALEARES<br \/>\nESPA\u00d1A<br \/>\nNIF E16519928<\/p>\n<p>BANCO SABADELL<br \/>\nJAIME III PALMA DE MALLORCA<br \/>\nILLES BALEARS ESPA\u00d1A<br \/>\nIBAN ES33 0081 0207 4000 0200 8910<br \/>\nBIC: BSABESBB<\/p>\n","protected":false},"excerpt":{"rendered":"<p>G FASHION CB COSTA D&#8217;EN BROSSA 3 07001 PALMA DE MALLORCA ILLES BALEARES ESPA\u00d1A N\u00daMERO DE IVA ES-E16519928 TIPO DE MONEDA: EURO TIPO DE DECIMALES DESPU\u00c9S DE COMA 2, TIPO&#8230;<\/p>\n","protected":false},"author":1,"featured_media":0,"parent":0,"menu_order":0,"comment_status":"closed","ping_status":"closed","template":"","meta":{"footnotes":""},"class_list":["post-15573","page","type-page","status-publish"],"aioseo_notices":[],"_links":{"self":[{"href":"https:\/\/shelight.com\/es\/wp-json\/wp\/v2\/pages\/15573"}],"collection":[{"href":"https:\/\/shelight.com\/es\/wp-json\/wp\/v2\/pages"}],"about":[{"href":"https:\/\/shelight.com\/es\/wp-json\/wp\/v2\/types\/page"}],"author":[{"embeddable":true,"href":"https:\/\/shelight.com\/es\/wp-json\/wp\/v2\/users\/1"}],"replies":[{"embeddable":true,"href":"https:\/\/shelight.com\/es\/wp-json\/wp\/v2\/comments?post=15573"}],"version-history":[{"count":4,"href":"https:\/\/shelight.com\/es\/wp-json\/wp\/v2\/pages\/15573\/revisions"}],"predecessor-version":[{"id":22194,"href":"https:\/\/shelight.com\/es\/wp-json\/wp\/v2\/pages\/15573\/revisions\/22194"}],"wp:attachment":[{"href":"https:\/\/shelight.com\/es\/wp-json\/wp\/v2\/media?parent=15573"}],"curies":[{"name":"wp","href":"https:\/\/api.w.org\/{rel}","templated":true}]}}