{"id":15576,"date":"2021-10-05T10:28:01","date_gmt":"2021-10-05T10:28:01","guid":{"rendered":"https:\/\/shelightdemo.com\/b2b\/"},"modified":"2021-10-18T10:30:28","modified_gmt":"2021-10-18T10:30:28","slug":"b2b","status":"publish","type":"page","link":"https:\/\/shelight.com\/es\/b2b\/","title":{"rendered":"B2B"},"content":{"rendered":"<p class=\"p1\"><span class=\"s1\">Para recibir m\u00e1s informaci\u00f3n sobre nuestro concept y nuestras colecciones, le sugerimos que nos env\u00ede un correo electr\u00f3nico a <a href=\"mailto:info@shelight.com\">info@shelight.com<\/a> con los siguientes datos:<\/span><\/p>\n<ul class=\"ul1\">\n<li class=\"li1\"><span class=\"s1\">Nombre de la empresa<\/span><\/li>\n<li class=\"li1\"><span class=\"s1\">Nombre comercial<\/span><\/li>\n<li class=\"li1\"><span class=\"s1\">Direcci\u00f3n<\/span><\/li>\n<li class=\"li1\"><span class=\"s1\">Nif<\/span><\/li>\n<li class=\"li1\"><span class=\"s1\">P\u00e1gina web<\/span><\/li>\n<li class=\"li1\"><span class=\"s1\">Instagram y facebook<\/span><\/li>\n<\/ul>\n<p class=\"p1\"><span class=\"s1\">Nos pondremos en contacto lo antes posible.<\/span><\/p>\n<p class=\"p1\"><span class=\"s1\">Muchas Gracias<\/span><\/p>\n<p>Shelight team<\/p>\n","protected":false},"excerpt":{"rendered":"<p>Para recibir m\u00e1s informaci\u00f3n sobre nuestro concept y nuestras colecciones, le sugerimos que nos env\u00ede un correo electr\u00f3nico a info@shelight.com con los siguientes datos: Nombre de la empresa Nombre comercial&#8230;<\/p>\n","protected":false},"author":1,"featured_media":0,"parent":0,"menu_order":0,"comment_status":"closed","ping_status":"closed","template":"","meta":{"footnotes":""},"class_list":["post-15576","page","type-page","status-publish"],"aioseo_notices":[],"_links":{"self":[{"href":"https:\/\/shelight.com\/es\/wp-json\/wp\/v2\/pages\/15576"}],"collection":[{"href":"https:\/\/shelight.com\/es\/wp-json\/wp\/v2\/pages"}],"about":[{"href":"https:\/\/shelight.com\/es\/wp-json\/wp\/v2\/types\/page"}],"author":[{"embeddable":true,"href":"https:\/\/shelight.com\/es\/wp-json\/wp\/v2\/users\/1"}],"replies":[{"embeddable":true,"href":"https:\/\/shelight.com\/es\/wp-json\/wp\/v2\/comments?post=15576"}],"version-history":[{"count":1,"href":"https:\/\/shelight.com\/es\/wp-json\/wp\/v2\/pages\/15576\/revisions"}],"predecessor-version":[{"id":15577,"href":"https:\/\/shelight.com\/es\/wp-json\/wp\/v2\/pages\/15576\/revisions\/15577"}],"wp:attachment":[{"href":"https:\/\/shelight.com\/es\/wp-json\/wp\/v2\/media?parent=15576"}],"curies":[{"name":"wp","href":"https:\/\/api.w.org\/{rel}","templated":true}]}}