{"id":15585,"date":"2021-10-05T10:26:36","date_gmt":"2021-10-05T10:26:36","guid":{"rendered":"https:\/\/shelightdemo.com\/shipping-policy\/"},"modified":"2023-08-03T11:28:30","modified_gmt":"2023-08-03T11:28:30","slug":"politica-de-envios","status":"publish","type":"page","link":"https:\/\/shelight.com\/es\/politica-de-envios\/","title":{"rendered":"POL\u00cdTICA DE ENVIOS"},"content":{"rendered":"<div class=\"eltdf-row-grid-section-wrapper \">\n<div class=\"eltdf-row-grid-section\">\n<div class=\"vc_row wpb_row vc_row-fluid\" data-eltdf-anchor=\"privacy\">\n<div class=\"wpb_column vc_column_container vc_col-sm-12\">\n<div class=\"vc_column-inner vc_custom_1542987403932\">\n<div class=\"wpb_wrapper\">\n<div class=\"eltdf-elements-holder eltdf-one-column eltdf-responsive-mode-768 \">\n<div class=\"eltdf-eh-item \" data-item-class=\"eltdf-eh-custom-8069\" data-769-1024=\"64px 4% 0px 0%\" data-681-768=\"64px 0%\" data-680=\"64px 3% 0px 0%\">\n<div class=\"eltdf-eh-item-inner\">\n<div class=\"eltdf-eh-item-content eltdf-eh-custom-8069\">\n<div class=\"wpb_text_column wpb_content_element \">\n<div class=\"wpb_wrapper\">\n<div>\n<p>G Fashion C.B. se compromete a entregar el producto en perfecto estado en la direcci\u00f3n indicada por el cliente.<\/p>\n<p>Las direcciones de env\u00edo deben ser lugares f\u00edsicos accesibles para las empresas de transporte. En caso de detectar una anomal\u00eda en la direcci\u00f3n de env\u00edo, nuestro departamento de atenci\u00f3n al cliente se pondr\u00e1 en contacto con el cliente en el plazo m\u00e1s corto posible.<\/p>\n<p>Si en el momento de la entrega del producto en la direcci\u00f3n indicada por el cliente, no hubiera nadie en el domicilio, la empresa encargada del env\u00edo realizar\u00e1 hasta tres intentos de entrega en la direcci\u00f3n indicada. El cliente deber\u00e1 estar atento a la correcta recepci\u00f3n del pedido en el plazo detallado en este punto.<\/p>\n<p>La direcci\u00f3n de entrega ser\u00e1 la indicada por el cliente al efectuar la compra. En caso de que el cliente tras efectuar la compra quisiera modificar la direcci\u00f3n de entrega podr\u00e1 hacerlo poni\u00e9ndose en contacto con atenci\u00f3n al cliente\u00a0orders@shelight.com\u00a0indicando el n\u00famero de pedido y la direcci\u00f3n de env\u00edo correcta siempre y cuando el pedido no haya sido expedido.<\/p>\n<p>G Fashion C.B. no se responsabilizar\u00e1 por los errores o perjuicios causados en la entrega cuando la direcci\u00f3n de entrega introducida por el cliente no exista, sea incorrecta o cu\u00e1ndo no se cumplan los requisitos para la entrega del pedido.<\/p>\n<p>En el momento de la entrega del producto, el cliente o receptor deber\u00e1 firmar la recepci\u00f3n del pedido al transportista, verificar el estado aparente de los bultos y aceptar o rechazar el pedido bajo su responsabilidad.<br \/>\nEn el caso de que, al abrir los bultos con los productos, el cliente viera que estos se encuentran da\u00f1ados a causa del transporte o que faltan productos de un mismo pedido, deber\u00e1 comunicarlo por escrito a G Fashion C.B. en\u00a0orders@shelight.com\u00a0con la mayor brevedad posible en un plazo m\u00e1ximo de 3 d\u00edas desde la recepci\u00f3n del pedido, aportando material fotogr\u00e1fico sobre la incidencia.<\/p>\n<\/div>\n<\/div>\n<\/div>\n<\/div>\n<\/div>\n<\/div>\n<\/div>\n<\/div>\n<\/div>\n<\/div>\n<\/div>\n<\/div>\n<\/div>\n<div class=\"vc_row wpb_row vc_row-fluid\">\n<div class=\"wpb_column vc_column_container vc_col-sm-12\">\n<div class=\"vc_column-inner\">\n<div class=\"wpb_wrapper\">\n<div class=\"vc_empty_space\"><\/div>\n<\/div>\n<\/div>\n<\/div>\n<\/div>\n<div class=\"eltdf-row-grid-section-wrapper \">\n<div class=\"eltdf-row-grid-section\">\n<div class=\"vc_row wpb_row vc_row-fluid\" data-eltdf-anchor=\"information\">\n<div class=\"wpb_column vc_column_container vc_col-sm-12\">\n<div class=\"vc_column-inner\">\n<div class=\"wpb_wrapper\">\n<div class=\"eltdf-elements-holder eltdf-one-column eltdf-responsive-mode-768 \">\n<div class=\"eltdf-eh-item \" data-item-class=\"eltdf-eh-custom-4878\" data-769-1024=\"0px 4% 0px 0%\" data-681-768=\"0px 0%\" data-680=\"0px 3% 0px 0%\">\n<div class=\"eltdf-eh-item-inner\">\n<div class=\"eltdf-eh-item-content eltdf-eh-custom-4878\">\n<div class=\"wpb_text_column wpb_content_element \">\n<div class=\"wpb_wrapper\">\n<div>INFORMACI\u00d3N SOBRE LOS GASTOS DE ENV\u00cdO<\/div>\n<\/div>\n<\/div>\n<div class=\"wpb_text_column wpb_content_element \">\n<div class=\"wpb_wrapper\">\n<div>\n<table class=\"t1\" cellspacing=\"0\" cellpadding=\"0\">\n<tbody>\n<tr>\n<td class=\"td1\" valign=\"middle\">\n<p class=\"p1\"><span class=\"s1\"><b>COUNTRY<\/b><\/span><\/p>\n<\/td>\n<td class=\"td2\" valign=\"middle\">\n<p class=\"p1\"><span class=\"s1\"><b>SHIPPING ORDERS -300 \u00a0 \u00a0<\/b><\/span><\/p>\n<\/td>\n<td class=\"td3\" valign=\"middle\">\n<p class=\"p1\"><span class=\"s1\"><b>SHIPPING ORDERS +300\u20ac \u00a0\u00a0<\/b><\/span><\/p>\n<\/td>\n<\/tr>\n<tr>\n<td class=\"td4\" valign=\"middle\">\n<p class=\"p1\"><span class=\"s1\"><b>SPAIN*<\/b><\/span><\/p>\n<\/td>\n<td class=\"td5\" valign=\"middle\">\n<p class=\"p1\"><span class=\"s1\">10 \u20ac<\/span><\/p>\n<\/td>\n<td class=\"td6\" valign=\"middle\">\n<p class=\"p1\"><span class=\"s1\">0 \u20ac<\/span><\/p>\n<\/td>\n<\/tr>\n<tr>\n<td class=\"td7\" valign=\"middle\">\n<p class=\"p1\"><span class=\"s1\"><b>BALEARS<\/b><\/span><\/p>\n<\/td>\n<td class=\"td8\" valign=\"middle\">\n<p class=\"p1\"><span class=\"s1\">0 \u20ac<\/span><\/p>\n<\/td>\n<td class=\"td9\" valign=\"middle\">\n<p class=\"p1\"><span class=\"s1\">0 \u20ac<\/span><\/p>\n<\/td>\n<\/tr>\n<tr>\n<td class=\"td4\" valign=\"middle\">\n<p class=\"p1\"><span class=\"s1\"><b>ITALY<\/b><\/span><\/p>\n<\/td>\n<td class=\"td5\" valign=\"middle\">\n<p class=\"p1\"><span class=\"s1\">20 \u20ac<\/span><\/p>\n<\/td>\n<td class=\"td6\" valign=\"middle\">\n<p class=\"p1\"><span class=\"s1\">0 \u20ac<\/span><\/p>\n<\/td>\n<\/tr>\n<tr>\n<td class=\"td10\" valign=\"middle\">\n<p class=\"p1\"><span class=\"s1\"><b>UNITED KINGDOM<\/b><\/span><\/p>\n<\/td>\n<td class=\"td11\" valign=\"middle\">\n<p class=\"p1\"><span class=\"s1\">30 \u20ac<\/span><\/p>\n<\/td>\n<td class=\"td12\" valign=\"middle\">\n<p class=\"p1\"><span class=\"s1\">15 \u20ac<\/span><\/p>\n<\/td>\n<\/tr>\n<tr>\n<td class=\"td4\" valign=\"middle\">\n<p class=\"p2\"><span class=\"s1\"><b>GERMANY<\/b><\/span><\/p>\n<\/td>\n<td class=\"td5\" valign=\"middle\">\n<p class=\"p1\"><span class=\"s1\">20 \u20ac<\/span><\/p>\n<\/td>\n<td class=\"td6\" valign=\"middle\">\n<p class=\"p1\"><span class=\"s1\">0 \u20ac<\/span><\/p>\n<\/td>\n<\/tr>\n<tr>\n<td class=\"td7\" valign=\"middle\">\n<p class=\"p1\"><span class=\"s1\"><b>PORTUGAL<\/b><\/span><\/p>\n<\/td>\n<td class=\"td8\" valign=\"middle\">\n<p class=\"p1\"><span class=\"s1\">20 \u20ac<\/span><\/p>\n<\/td>\n<td class=\"td9\" valign=\"middle\">\n<p class=\"p1\"><span class=\"s1\">0 \u20ac<\/span><\/p>\n<\/td>\n<\/tr>\n<tr>\n<td class=\"td7\" valign=\"middle\">\n<p class=\"p1\"><span class=\"s1\"><b>FRANCE<\/b><\/span><\/p>\n<\/td>\n<td class=\"td8\" valign=\"middle\">\n<p class=\"p1\"><span class=\"s1\">20 \u20ac<\/span><\/p>\n<\/td>\n<td class=\"td9\" valign=\"middle\">\n<p class=\"p1\"><span class=\"s1\">0 \u20ac<\/span><\/p>\n<\/td>\n<\/tr>\n<tr>\n<td class=\"td7\" valign=\"middle\">\n<p class=\"p1\"><span class=\"s1\"><b>BELGIUM<\/b><\/span><\/p>\n<\/td>\n<td class=\"td8\" valign=\"middle\">\n<p class=\"p1\"><span class=\"s1\">20 \u20ac<\/span><\/p>\n<\/td>\n<td class=\"td9\" valign=\"middle\">\n<p class=\"p1\"><span class=\"s1\">0 \u20ac<\/span><\/p>\n<\/td>\n<\/tr>\n<tr>\n<td class=\"td7\" valign=\"middle\">\n<p class=\"p1\"><span class=\"s1\"><b>HOLLAND<\/b><\/span><\/p>\n<\/td>\n<td class=\"td8\" valign=\"middle\">\n<p class=\"p1\"><span class=\"s1\">20 \u20ac<\/span><\/p>\n<\/td>\n<td class=\"td9\" valign=\"middle\">\n<p class=\"p1\"><span class=\"s1\">0 \u20ac<\/span><\/p>\n<\/td>\n<\/tr>\n<tr>\n<td class=\"td7\" valign=\"middle\">\n<p class=\"p1\"><span class=\"s1\"><b>NORWAY<\/b><\/span><\/p>\n<\/td>\n<td class=\"td8\" valign=\"middle\">\n<p class=\"p1\"><span class=\"s1\">30 \u20ac<\/span><\/p>\n<\/td>\n<td class=\"td9\" valign=\"middle\">\n<p class=\"p1\"><span class=\"s1\">15 \u20ac<\/span><\/p>\n<\/td>\n<\/tr>\n<tr>\n<td class=\"td7\" valign=\"middle\">\n<p class=\"p1\"><span class=\"s1\"><b>REST OF EUROPE<\/b><\/span><\/p>\n<\/td>\n<td class=\"td8\" valign=\"middle\">\n<p class=\"p1\"><span class=\"s1\">20 \u20ac<\/span><\/p>\n<\/td>\n<td class=\"td9\" valign=\"middle\">\n<p class=\"p1\"><span class=\"s1\">0 \u20ac<\/span><\/p>\n<\/td>\n<\/tr>\n<tr>\n<td class=\"td7\" valign=\"middle\">\n<p class=\"p1\"><span class=\"s1\"><b>UNITED STATES<\/b><\/span><\/p>\n<\/td>\n<td class=\"td8\" valign=\"middle\">\n<p class=\"p1\"><span class=\"s1\">50 \u20ac<\/span><\/p>\n<\/td>\n<td class=\"td9\" valign=\"middle\">\n<p class=\"p1\"><span class=\"s1\">30 \u20ac<\/span><\/p>\n<\/td>\n<\/tr>\n<tr>\n<td class=\"td7\" valign=\"middle\">\n<p class=\"p1\"><span class=\"s1\"><b>SWITZERLAND<\/b><\/span><\/p>\n<\/td>\n<td class=\"td8\" valign=\"middle\">\n<p class=\"p1\"><span class=\"s1\">50 \u20ac<\/span><\/p>\n<\/td>\n<td class=\"td9\" valign=\"middle\">\n<p class=\"p1\"><span class=\"s1\">25 \u20ac<\/span><\/p>\n<\/td>\n<\/tr>\n<tr>\n<td class=\"td7\" valign=\"middle\">\n<p class=\"p1\"><span class=\"s1\"><b>CENTER AND SOUTH AMERICA<\/b><\/span><\/p>\n<\/td>\n<td class=\"td8\" valign=\"middle\">\n<p class=\"p1\"><span class=\"s1\">50 \u20ac<\/span><\/p>\n<\/td>\n<td class=\"td9\" valign=\"middle\">\n<p class=\"p1\"><span class=\"s1\">25 \u20ac<\/span><\/p>\n<\/td>\n<\/tr>\n<tr>\n<td class=\"td7\" valign=\"middle\">\n<p class=\"p1\"><span class=\"s1\"><b>MIDDLE EAST<\/b><\/span><\/p>\n<\/td>\n<td class=\"td8\" valign=\"middle\">\n<p class=\"p1\"><span class=\"s1\">50 \u20ac<\/span><\/p>\n<\/td>\n<td class=\"td9\" valign=\"middle\">\n<p class=\"p1\"><span class=\"s1\">25<\/span><span class=\"s1\"> \u20ac<\/span><\/p>\n<\/td>\n<\/tr>\n<\/tbody>\n<\/table>\n<\/div>\n<\/div>\n<\/div>\n<div class=\"wpb_text_column wpb_content_element \">\n<div class=\"wpb_wrapper\">\n<div>\n<p>*ESPANA: NO ISLAS CANARIAS, CEUTA Y MELILLA<\/p>\n<p>* PARA OTROS DESTINOS PARTICULARES EN EL MUNDO QUE NO APARECEN EN LA TABLA DE COSTES LE RECOMENDAMOS QUE NOS ENVIE UN CORREO ELECTRONICO A \u00a0orders@shelight.com<\/p>\n<p>*TIEMPO DE ENTREGA:\u00a0 ESPANA 1- 2 DAYS<br \/>\nRESTO DE EUROPA\u00a0 2-3 DAYS<br \/>\nUNITED STATES, MIDDLE EAST, CENTER Y SOUTH AMERICA 4\/6 DAYS<br \/>\nEstos gastos de env\u00edo ser\u00e1n aceptados por el cliente en el momento de la solicitud del pedido.<\/p>\n<\/div>\n<\/div>\n<\/div>\n<\/div>\n<\/div>\n<\/div>\n<\/div>\n<\/div>\n<\/div>\n<\/div>\n<\/div>\n<\/div>\n<\/div>\n","protected":false},"excerpt":{"rendered":"<p>G Fashion C.B. se compromete a entregar el producto en perfecto estado en la direcci\u00f3n indicada por el cliente. Las direcciones de env\u00edo deben ser lugares f\u00edsicos accesibles para las&#8230;<\/p>\n","protected":false},"author":1,"featured_media":0,"parent":0,"menu_order":0,"comment_status":"closed","ping_status":"closed","template":"","meta":{"footnotes":""},"class_list":["post-15585","page","type-page","status-publish"],"aioseo_notices":[],"_links":{"self":[{"href":"https:\/\/shelight.com\/es\/wp-json\/wp\/v2\/pages\/15585"}],"collection":[{"href":"https:\/\/shelight.com\/es\/wp-json\/wp\/v2\/pages"}],"about":[{"href":"https:\/\/shelight.com\/es\/wp-json\/wp\/v2\/types\/page"}],"author":[{"embeddable":true,"href":"https:\/\/shelight.com\/es\/wp-json\/wp\/v2\/users\/1"}],"replies":[{"embeddable":true,"href":"https:\/\/shelight.com\/es\/wp-json\/wp\/v2\/comments?post=15585"}],"version-history":[{"count":4,"href":"https:\/\/shelight.com\/es\/wp-json\/wp\/v2\/pages\/15585\/revisions"}],"predecessor-version":[{"id":18285,"href":"https:\/\/shelight.com\/es\/wp-json\/wp\/v2\/pages\/15585\/revisions\/18285"}],"wp:attachment":[{"href":"https:\/\/shelight.com\/es\/wp-json\/wp\/v2\/media?parent=15585"}],"curies":[{"name":"wp","href":"https:\/\/api.w.org\/{rel}","templated":true}]}}