{"id":15586,"date":"2021-09-28T07:21:39","date_gmt":"2021-09-28T07:21:39","guid":{"rendered":"https:\/\/shelightdemo.com\/terms-conditions\/"},"modified":"2021-10-18T10:37:15","modified_gmt":"2021-10-18T10:37:15","slug":"terminos-y-condiciones","status":"publish","type":"page","link":"https:\/\/shelight.com\/es\/terminos-y-condiciones\/","title":{"rendered":"T\u00c9RMINOS Y CONDICIONES"},"content":{"rendered":"<p>Estas condiciones de venta regulan la compra de productos y servicios ofrecidos por G FASHION C.B. a trav\u00e9s del sitio web www.shelight.com<\/p>\r\n<p>ACTIVIDAD<br \/>El G Fashion C.B, a trav\u00e9s del sitio web www.shelight.com vende zapatos, accesorios, ropa, bolsos.<\/p>\r\n<p>1. INFORMACI\u00d3N SOBRE LOS PRODUCTOS<\/p>\r\n<p>Si bien se ha hecho un esfuerzo por mostrar el color de las prendas m\u00e1s cercano a la realidad, el color de las prendas que aparecen en pantalla puede estar sujeto a variaciones en funci\u00f3n de la calidad del monitor utilizado.<br \/>Las descripciones de los productos ofrecidos en el sitio web est\u00e1n basadas en la documentaci\u00f3n interna de G Fashion C.B., estas descripciones pueden contener variaciones menores y actualizaciones sin previo aviso.<br \/>Las fotograf\u00edas o representaciones gr\u00e1ficas relacionadas con los productos, as\u00ed como los nombres comerciales, tienen como finalidad proporcionar la mayor cantidad de informaci\u00f3n posible al consumidor final. G.Fashion C.B. se reserva el derecho de rectificar im\u00e1genes en los casos estrictamente necesarios.<br \/>En el caso de que, por circunstancias de fuerza mayor, se produzca una incidencia imputable al producto, no est\u00e9 disponible o el art\u00edculo no se corresponda con la realidad despu\u00e9s de realizada la compra, G Fashion CB se pondr\u00e1 en contacto con el cliente para reembolsar el importe monto correspondiente y solucionar la incidencia. En caso de no entrega de un producto o productos de G Fashion C.B., el cliente podr\u00e1 devolver el resto de los productos entregados sin costo, inmediatamente despu\u00e9s de la entrega.<br \/>El cliente, antes de adquirir el producto, debe revisar la descripci\u00f3n y caracter\u00edsticas del producto y cualquier otra condici\u00f3n, y estar satisfecho con ellas antes de adquirir el producto. En caso de conflicto o contradicci\u00f3n, las descripciones de los productos y las condiciones adicionales contenidas en la venta prevalecer\u00e1n sobre las presentes condiciones de venta. El cliente acepta las condiciones de venta en el momento de la compra del producto de G Fashion C.B.<\/p>\r\n<p>2. INFORMACI\u00d3N DE PRECIO<\/p>\r\n<p>Los precios de los productos ofertados a trav\u00e9s de www.shelight.com incluyen el IVA y cualquier otro impuesto.<\/p>\r\n<p>Los precios no incluyen los gastos de env\u00edo de los productos, salvo que se indique lo contrario durante el proceso de compra.<br \/>Los precios de los productos mostrados en el sitio web, incluyen el Impuesto al Valor Agregado (IVA).<br \/>No se reembolsar\u00e1 el IVA en pedidos internacionales.<br \/>No somos responsables de los impuestos, aranceles o tarifas de corretaje de importaci\u00f3n en los que se pueda incurrir en el env\u00edo de su pedido.<\/p>\r\n<p>3. COMPRA DE PRODUCTOS Y FORMALIZACI\u00d3N DE PEDIDOS<\/p>\r\n<p>Al tratarse de un art\u00edculo hecho a mano con m\u00faltiples variaciones de accesorios, colores de cristales y fulares, G Fashion C.B. se reserva el derecho de enviar la confirmaci\u00f3n del pedido dentro de las 48 horas siguientes a la solicitud.<br \/>Una vez enviada la confirmaci\u00f3n del pedido, se procesar\u00e1 el pago.<br \/>Una vez finalizado con \u00e9xito el mismo, se enviar\u00e1 especificaci\u00f3n del env\u00edo.<\/p>\r\n<p>Antes de proceder con la compra de un producto Shelight, deber\u00e1 registrarse, o si ya est\u00e1 registrado simplemente ingrese su Nombre de usuario y Contrase\u00f1a.<\/p>\r\n<p>4. PAGO DE PRODUCTOS<br \/>El cliente deber\u00e1 realizar el pago a trav\u00e9s de las siguientes formas de pago: Tarjeta de cr\u00e9dito o d\u00e9bito Visa, Visa Electron y \/ u otras tarjetas similares, o mediante el sistema PayPal y transferencia bancaria.<\/p>\r\n<p>En www.shelight.com, los datos se transmiten en forma cifrada SSL. Solo se aceptar\u00e1n transacciones SET (Transacci\u00f3n electr\u00f3nica segura) para pagos con Visa. Luego de verificar que la tarjeta utiliza el protocolo SET, el sistema se pondr\u00e1 en contacto con el banco emisor para que el comprador autorice la compra. Cuando el banco confirme la autenticidad, se cargar\u00e1 la tarjeta. De lo contrario, el pedido se cancela.<\/p>\r\n<p>El cliente debe notificar a G Fashion CB a trav\u00e9s del correo de contacto orders@shelight.com sobre cualquier cargo indebido o fraudulento en la tarjeta utilizada para compras en www.shelight.com en el menor tiempo posible, con el objetivo de permitir que G Fashion CB lleve realizar los tr\u00e1mites y \/ o aclaraciones que estime oportunas.<\/p>\r\n<p>FACTURACI\u00d3N<br \/>Si lo solicita, enviaremos facturas peri\u00f3dicas de los bienes adquiridos.<\/p>\r\n<p>6. CANCELACI\u00d3N DE PEDIDOS<br \/>Los clientes pueden cancelar el pedido si a\u00fan no se ha enviado desde nuestro almac\u00e9n. Debes contactar al correo orders@shelight.com indicando que deseas cancelar el pedido realizado y adjuntando la informaci\u00f3n necesaria para la cancelaci\u00f3n de este pedido: n\u00famero de pedido, correo electr\u00f3nico y nombre del destinatario.<\/p>\r\n<p>Si el pedido ya ha sido enviado, si el cliente desea cancelar un pedido, deber\u00e1 proceder a su DEVOLUCI\u00d3N.<\/p>\r\n<p>En caso de devoluci\u00f3n, el cliente tendr\u00e1 derecho a la devoluci\u00f3n del precio del producto, siempre que los productos devueltos se encuentren en las mismas condiciones en que fueron entregados, y no hayan sido usados, lavados, da\u00f1ados o perdidos antes de llegar a G Se han cumplido las instalaciones de Fashion CB y los requisitos establecidos en las presentes condiciones.<\/p>","protected":false},"excerpt":{"rendered":"<p>Estas condiciones de venta regulan la compra de productos y servicios ofrecidos por G FASHION C.B. a trav\u00e9s del sitio web www.shelight.com ACTIVIDADEl G Fashion C.B, a trav\u00e9s del sitio&#8230;<\/p>\n","protected":false},"author":1,"featured_media":0,"parent":0,"menu_order":0,"comment_status":"closed","ping_status":"open","template":"","meta":{"footnotes":""},"class_list":["post-15586","page","type-page","status-publish"],"aioseo_notices":[],"_links":{"self":[{"href":"https:\/\/shelight.com\/es\/wp-json\/wp\/v2\/pages\/15586"}],"collection":[{"href":"https:\/\/shelight.com\/es\/wp-json\/wp\/v2\/pages"}],"about":[{"href":"https:\/\/shelight.com\/es\/wp-json\/wp\/v2\/types\/page"}],"author":[{"embeddable":true,"href":"https:\/\/shelight.com\/es\/wp-json\/wp\/v2\/users\/1"}],"replies":[{"embeddable":true,"href":"https:\/\/shelight.com\/es\/wp-json\/wp\/v2\/comments?post=15586"}],"version-history":[{"count":1,"href":"https:\/\/shelight.com\/es\/wp-json\/wp\/v2\/pages\/15586\/revisions"}],"predecessor-version":[{"id":15589,"href":"https:\/\/shelight.com\/es\/wp-json\/wp\/v2\/pages\/15586\/revisions\/15589"}],"wp:attachment":[{"href":"https:\/\/shelight.com\/es\/wp-json\/wp\/v2\/media?parent=15586"}],"curies":[{"name":"wp","href":"https:\/\/api.w.org\/{rel}","templated":true}]}}