{"id":15617,"date":"2021-10-13T07:47:44","date_gmt":"2021-10-13T07:47:44","guid":{"rendered":"https:\/\/shelightdemo.com\/product\/audrey\/"},"modified":"2025-12-04T20:58:59","modified_gmt":"2025-12-04T20:58:59","slug":"audrey","status":"publish","type":"product","link":"https:\/\/shelight.com\/es\/product\/audrey\/","title":{"rendered":"AUDREY VESTIDO"},"content":{"rendered":"","protected":false},"excerpt":{"rendered":"<p>DESCRIPCI\u00d3N: Vestido corto de algod\u00f3n hasta la rodilla, escote cl\u00e1sico, manga larga, cierre de botones delanteros y falda ancha. Cintur\u00f3n de 3 a 5 cm de alto, sin bolsillos, sin dobladillo. Corte normal.<\/p>\n<p>COMPOSICI\u00d3N DEL TEJIDO: 97 % ALGOD\u00d3N, 3 % ELASTANO<\/p>\n<p>HECHO EN ITALIA<\/p>\n<p>TALLA S\/M M\/L<\/p>\n<p>COLORES: BLANCO, ROSA CLARO, AMARILLO, AZUL, ROJO, NEGRO<\/p>\n<p>PRECIO: 98,00 \u20ac<\/p>\n<p><a href=\"https:\/\/shelight.com\/wp-content\/uploads\/2024\/09\/GUIDA-ALLE-TAGLIE-AUDREY_compressed.pdf\" target=\"_blank\" rel=\"noopener\"><strong>CONSULTA LA GU\u00cdA DE TALLAS<\/strong><\/a><\/p>\n","protected":false},"featured_media":17879,"template":"","meta":[],"product_brand":[],"product_cat":[109],"product_tag":[],"class_list":{"0":"post-15617","1":"product","2":"type-product","3":"status-publish","4":"has-post-thumbnail","6":"product_cat-dresses-es","8":"first","9":"instock","10":"taxable","11":"shipping-taxable","12":"purchasable","13":"product-type-variable"},"aioseo_notices":[],"_links":{"self":[{"href":"https:\/\/shelight.com\/es\/wp-json\/wp\/v2\/product\/15617"}],"collection":[{"href":"https:\/\/shelight.com\/es\/wp-json\/wp\/v2\/product"}],"about":[{"href":"https:\/\/shelight.com\/es\/wp-json\/wp\/v2\/types\/product"}],"wp:featuredmedia":[{"embeddable":true,"href":"https:\/\/shelight.com\/es\/wp-json\/wp\/v2\/media\/17879"}],"wp:attachment":[{"href":"https:\/\/shelight.com\/es\/wp-json\/wp\/v2\/media?parent=15617"}],"wp:term":[{"taxonomy":"product_brand","embeddable":true,"href":"https:\/\/shelight.com\/es\/wp-json\/wp\/v2\/product_brand?post=15617"},{"taxonomy":"product_cat","embeddable":true,"href":"https:\/\/shelight.com\/es\/wp-json\/wp\/v2\/product_cat?post=15617"},{"taxonomy":"product_tag","embeddable":true,"href":"https:\/\/shelight.com\/es\/wp-json\/wp\/v2\/product_tag?post=15617"}],"curies":[{"name":"wp","href":"https:\/\/api.w.org\/{rel}","templated":true}]}}