{"id":15620,"date":"2021-10-13T07:41:56","date_gmt":"2021-10-13T07:41:56","guid":{"rendered":"https:\/\/shelightdemo.com\/product\/jackie\/"},"modified":"2025-12-04T21:00:16","modified_gmt":"2025-12-04T21:00:16","slug":"jackie","status":"publish","type":"product","link":"https:\/\/shelight.com\/es\/product\/jackie\/","title":{"rendered":"JACKIE VESTIDO"},"content":{"rendered":"","protected":false},"excerpt":{"rendered":"<p>DESCRIPCI\u00d3N: Camisa de vestir de algod\u00f3n midi, manga \u00be con bot\u00f3n y cuello camisero, bolsillos, corte ajustado y cintur\u00f3n de algod\u00f3n de 3 m \u2013 5 cm de alto.<\/p>\n<p>COMPOSICI\u00d3N DEL TEJIDO: 97 % ALGOD\u00d3N, 3 % ELASTANO<\/p>\n<p>HECHO EN ITALIA<\/p>\n<p>TALLA: XS, S, M, L, XL, XXL<\/p>\n<p>COLORES: BLANCO, ROSA CLARO, AZUL CLARO, BEIGE CLARO, BEIGE OSCURO, FUCSIA, NARANJA, AMARILLO, AZUL OSCURO, NEGRO, ROJO.<\/p>\n<p><a href=\"https:\/\/shelight.com\/wp-content\/uploads\/2024\/09\/GUIDA-ALLE-TAGLIE-JACKIE_compressed.pdf\" target=\"_blank\" rel=\"noopener\"><strong>CONSULTA LA GU\u00cdA DE TALLAS<\/strong><\/a><\/p>\n","protected":false},"featured_media":17904,"template":"","meta":[],"product_brand":[],"product_cat":[109],"product_tag":[],"class_list":{"0":"post-15620","1":"product","2":"type-product","3":"status-publish","4":"has-post-thumbnail","6":"product_cat-dresses-es","8":"first","9":"instock","10":"taxable","11":"shipping-taxable","12":"purchasable","13":"product-type-variable"},"aioseo_notices":[],"_links":{"self":[{"href":"https:\/\/shelight.com\/es\/wp-json\/wp\/v2\/product\/15620"}],"collection":[{"href":"https:\/\/shelight.com\/es\/wp-json\/wp\/v2\/product"}],"about":[{"href":"https:\/\/shelight.com\/es\/wp-json\/wp\/v2\/types\/product"}],"wp:featuredmedia":[{"embeddable":true,"href":"https:\/\/shelight.com\/es\/wp-json\/wp\/v2\/media\/17904"}],"wp:attachment":[{"href":"https:\/\/shelight.com\/es\/wp-json\/wp\/v2\/media?parent=15620"}],"wp:term":[{"taxonomy":"product_brand","embeddable":true,"href":"https:\/\/shelight.com\/es\/wp-json\/wp\/v2\/product_brand?post=15620"},{"taxonomy":"product_cat","embeddable":true,"href":"https:\/\/shelight.com\/es\/wp-json\/wp\/v2\/product_cat?post=15620"},{"taxonomy":"product_tag","embeddable":true,"href":"https:\/\/shelight.com\/es\/wp-json\/wp\/v2\/product_tag?post=15620"}],"curies":[{"name":"wp","href":"https:\/\/api.w.org\/{rel}","templated":true}]}}