{"id":15626,"date":"2021-10-13T07:33:56","date_gmt":"2021-10-13T07:33:56","guid":{"rendered":"https:\/\/shelightdemo.com\/product\/penelope\/"},"modified":"2025-12-04T21:02:37","modified_gmt":"2025-12-04T21:02:37","slug":"isabel","status":"publish","type":"product","link":"https:\/\/shelight.com\/es\/product\/isabel\/","title":{"rendered":"ISABEL VESTIDO"},"content":{"rendered":"","protected":false},"excerpt":{"rendered":"<p>DESCRIPCI\u00d3N: Vestido de algod\u00f3n con tirantes largos, escote en pico, falda larga y muy ancha, cremallera lateral, cintur\u00f3n de algod\u00f3n de 3 a 4 cm de alto, corte normal.<\/p>\n<p>COMPOSICI\u00d3N DEL TEJIDO: 97 % ALGOD\u00d3N, 3 % ELASTANO<\/p>\n<p>DISE\u00d1O EN MALLORCA<\/p>\n<p>HECHO EN ITALIA<\/p>\n<p>TALLA: S, M, L<\/p>\n<p>COLORES: ROSA CLARO, AZUL, NARANJA, FUCSIA, AZUL MARINO<\/p>\n<p><a href=\"https:\/\/shelight.com\/wp-content\/uploads\/2024\/09\/GUIDA-ALLE-TAGLIE-ISABEL_compressed.pdf\" target=\"_blank\" rel=\"noopener\"><strong>CONSULTA LA GU\u00cdA DE TALLAS<\/strong><\/a><\/p>\n","protected":false},"featured_media":17914,"template":"","meta":[],"product_brand":[],"product_cat":[109],"product_tag":[],"class_list":{"0":"post-15626","1":"product","2":"type-product","3":"status-publish","4":"has-post-thumbnail","6":"product_cat-dresses-es","8":"first","9":"instock","10":"taxable","11":"shipping-taxable","12":"purchasable","13":"product-type-variable"},"aioseo_notices":[],"_links":{"self":[{"href":"https:\/\/shelight.com\/es\/wp-json\/wp\/v2\/product\/15626"}],"collection":[{"href":"https:\/\/shelight.com\/es\/wp-json\/wp\/v2\/product"}],"about":[{"href":"https:\/\/shelight.com\/es\/wp-json\/wp\/v2\/types\/product"}],"wp:featuredmedia":[{"embeddable":true,"href":"https:\/\/shelight.com\/es\/wp-json\/wp\/v2\/media\/17914"}],"wp:attachment":[{"href":"https:\/\/shelight.com\/es\/wp-json\/wp\/v2\/media?parent=15626"}],"wp:term":[{"taxonomy":"product_brand","embeddable":true,"href":"https:\/\/shelight.com\/es\/wp-json\/wp\/v2\/product_brand?post=15626"},{"taxonomy":"product_cat","embeddable":true,"href":"https:\/\/shelight.com\/es\/wp-json\/wp\/v2\/product_cat?post=15626"},{"taxonomy":"product_tag","embeddable":true,"href":"https:\/\/shelight.com\/es\/wp-json\/wp\/v2\/product_tag?post=15626"}],"curies":[{"name":"wp","href":"https:\/\/api.w.org\/{rel}","templated":true}]}}