{"id":22126,"date":"2024-05-22T11:19:08","date_gmt":"2024-05-22T11:19:08","guid":{"rendered":"https:\/\/shelight.com\/?post_type=product&#038;p=22126"},"modified":"2025-12-04T20:52:28","modified_gmt":"2025-12-04T20:52:28","slug":"vestido-gracy","status":"publish","type":"product","link":"https:\/\/shelight.com\/es\/product\/vestido-gracy\/","title":{"rendered":"VESTIDO GRACY"},"content":{"rendered":"","protected":false},"excerpt":{"rendered":"<p>DESCRIPCI\u00d3N: Camisa de vestir de algod\u00f3n, larga, sin mangas, cuello camisero, bolsillos, cintur\u00f3n de 3 m &#8211; 8 cm de alto, corte ajustado.<\/p>\n<p>COMPOSICI\u00d3N DEL TEJIDO: 97 % ALGOD\u00d3N, 3 % ELASTANO<\/p>\n<p>HECHO EN ITALIA<\/p>\n<p>TALLA: XS, S, M, L, XL<\/p>\n<p>COLORES: BLANCO, ROSA CLARO, ROJO, AZUL CAPRI, AZUL MARINO, NEGRO, BEIGE CLARO, NUDE.<\/p>\n<p><a href=\"https:\/\/shelight.com\/wp-content\/uploads\/2024\/09\/GUIDA-ALLE-TAGLIE-GRACY_compressed.pdf\" target=\"_blank\" rel=\"noopener\"><strong>CONSULTA LA GU\u00cdA DE TALLAS<\/strong><\/a><\/p>\n","protected":false},"featured_media":22119,"template":"","meta":[],"product_brand":[],"product_cat":[109],"product_tag":[],"class_list":{"0":"post-22126","1":"product","2":"type-product","3":"status-publish","4":"has-post-thumbnail","6":"product_cat-dresses-es","8":"first","9":"instock","10":"taxable","11":"shipping-taxable","12":"purchasable","13":"product-type-variable"},"aioseo_notices":[],"_links":{"self":[{"href":"https:\/\/shelight.com\/es\/wp-json\/wp\/v2\/product\/22126"}],"collection":[{"href":"https:\/\/shelight.com\/es\/wp-json\/wp\/v2\/product"}],"about":[{"href":"https:\/\/shelight.com\/es\/wp-json\/wp\/v2\/types\/product"}],"wp:featuredmedia":[{"embeddable":true,"href":"https:\/\/shelight.com\/es\/wp-json\/wp\/v2\/media\/22119"}],"wp:attachment":[{"href":"https:\/\/shelight.com\/es\/wp-json\/wp\/v2\/media?parent=22126"}],"wp:term":[{"taxonomy":"product_brand","embeddable":true,"href":"https:\/\/shelight.com\/es\/wp-json\/wp\/v2\/product_brand?post=22126"},{"taxonomy":"product_cat","embeddable":true,"href":"https:\/\/shelight.com\/es\/wp-json\/wp\/v2\/product_cat?post=22126"},{"taxonomy":"product_tag","embeddable":true,"href":"https:\/\/shelight.com\/es\/wp-json\/wp\/v2\/product_tag?post=22126"}],"curies":[{"name":"wp","href":"https:\/\/api.w.org\/{rel}","templated":true}]}}