{"id":22609,"date":"2024-09-12T14:57:57","date_gmt":"2024-09-12T14:57:57","guid":{"rendered":"https:\/\/shelight.com\/?post_type=product&#038;p=22609"},"modified":"2025-12-04T18:50:50","modified_gmt":"2025-12-04T18:50:50","slug":"camisa-basic","status":"publish","type":"product","link":"https:\/\/shelight.com\/es\/product\/camisa-basic\/","title":{"rendered":"CAMISA BASIC"},"content":{"rendered":"","protected":false},"excerpt":{"rendered":"<p>DESCRIPCI\u00d3N: Camisa b\u00e1sica de algod\u00f3n, manga larga con botones y cuello camisero. Corte ajustado.<\/p>\n<p>COMPOSICI\u00d3N DEL TEJIDO: 79 % algod\u00f3n, 18 % poliamida, 3 % elastano.<\/p>\n<p>HECHO EN ITALIA<\/p>\n<p>TALLA: XS \u200b\u200bS M L XL XXL<\/p>\n<p>COLOR: BLANCO<\/p>\n<p><a href=\"https:\/\/shelight.com\/wp-content\/uploads\/2024\/09\/GUIDA-ALLE-TAGLIE-CAMISA-BASIC_compressed.pdf\" target=\"_blank\" rel=\"noopener\"><strong>CONSULTA LA GU\u00cdA DE TALLAS<\/strong><\/a><\/p>\n","protected":false},"featured_media":22620,"template":"","meta":[],"product_brand":[],"product_cat":[109],"product_tag":[],"class_list":{"0":"post-22609","1":"product","2":"type-product","3":"status-publish","4":"has-post-thumbnail","6":"product_cat-dresses-es","8":"first","9":"instock","10":"taxable","11":"shipping-taxable","12":"purchasable","13":"product-type-variable"},"aioseo_notices":[],"_links":{"self":[{"href":"https:\/\/shelight.com\/es\/wp-json\/wp\/v2\/product\/22609"}],"collection":[{"href":"https:\/\/shelight.com\/es\/wp-json\/wp\/v2\/product"}],"about":[{"href":"https:\/\/shelight.com\/es\/wp-json\/wp\/v2\/types\/product"}],"wp:featuredmedia":[{"embeddable":true,"href":"https:\/\/shelight.com\/es\/wp-json\/wp\/v2\/media\/22620"}],"wp:attachment":[{"href":"https:\/\/shelight.com\/es\/wp-json\/wp\/v2\/media?parent=22609"}],"wp:term":[{"taxonomy":"product_brand","embeddable":true,"href":"https:\/\/shelight.com\/es\/wp-json\/wp\/v2\/product_brand?post=22609"},{"taxonomy":"product_cat","embeddable":true,"href":"https:\/\/shelight.com\/es\/wp-json\/wp\/v2\/product_cat?post=22609"},{"taxonomy":"product_tag","embeddable":true,"href":"https:\/\/shelight.com\/es\/wp-json\/wp\/v2\/product_tag?post=22609"}],"curies":[{"name":"wp","href":"https:\/\/api.w.org\/{rel}","templated":true}]}}