{"id":22978,"date":"2025-08-14T20:24:49","date_gmt":"2025-08-14T20:24:49","guid":{"rendered":"https:\/\/shelight.com\/?post_type=product&#038;p=22978"},"modified":"2025-12-03T12:38:54","modified_gmt":"2025-12-03T12:38:54","slug":"falda-flor","status":"publish","type":"product","link":"https:\/\/shelight.com\/es\/product\/falda-flor\/","title":{"rendered":"FALDA FLOR"},"content":{"rendered":"","protected":false},"excerpt":{"rendered":"<p>DESCRIPCI\u00d3N: Falda larga de corte circular, cintura el\u00e1stica en la espalda, cierre de cremallera lateral, bolsillos laterales y cintur\u00f3n largo de 3 m &#8211; 8 cm de alto.<\/p>\n<p>COMPOSICI\u00d3N: 85 % LYOCELL\/TENCEL, 15 % POLI\u00c9STER<\/p>\n<p>El lyocell\/tencel est\u00e1 hecho de celulosa, una sustancia natural presente en las plantas, conocida por su suavidad, transpirabilidad, capacidad de absorci\u00f3n de la humedad y durabilidad.<\/p>\n<p>HECHO EN ITALIA<\/p>\n<p>TALLA: S M L<\/p>\n<p>COLORES: BLANCO, BEIGE CLARO, FUCSIA, MARR\u00d3N OSCURO, CEREZA<\/p>\n","protected":false},"featured_media":22963,"template":"","meta":[],"product_brand":[],"product_cat":[109,130],"product_tag":[],"class_list":{"0":"post-22978","1":"product","2":"type-product","3":"status-publish","4":"has-post-thumbnail","6":"product_cat-dresses-es","7":"product_cat-uncategorised-es","9":"first","10":"instock","11":"taxable","12":"shipping-taxable","13":"purchasable","14":"product-type-variable"},"aioseo_notices":[],"_links":{"self":[{"href":"https:\/\/shelight.com\/es\/wp-json\/wp\/v2\/product\/22978"}],"collection":[{"href":"https:\/\/shelight.com\/es\/wp-json\/wp\/v2\/product"}],"about":[{"href":"https:\/\/shelight.com\/es\/wp-json\/wp\/v2\/types\/product"}],"wp:featuredmedia":[{"embeddable":true,"href":"https:\/\/shelight.com\/es\/wp-json\/wp\/v2\/media\/22963"}],"wp:attachment":[{"href":"https:\/\/shelight.com\/es\/wp-json\/wp\/v2\/media?parent=22978"}],"wp:term":[{"taxonomy":"product_brand","embeddable":true,"href":"https:\/\/shelight.com\/es\/wp-json\/wp\/v2\/product_brand?post=22978"},{"taxonomy":"product_cat","embeddable":true,"href":"https:\/\/shelight.com\/es\/wp-json\/wp\/v2\/product_cat?post=22978"},{"taxonomy":"product_tag","embeddable":true,"href":"https:\/\/shelight.com\/es\/wp-json\/wp\/v2\/product_tag?post=22978"}],"curies":[{"name":"wp","href":"https:\/\/api.w.org\/{rel}","templated":true}]}}